{"id":647,"date":"2021-11-12T10:16:54","date_gmt":"2021-11-12T10:16:54","guid":{"rendered":"https:\/\/www.cbayol.fr\/?page_id=647"},"modified":"2026-04-07T12:46:39","modified_gmt":"2026-04-07T12:46:39","slug":"physiotherapie-reeducation-fonctionnelle-chien-chat","status":"publish","type":"page","link":"https:\/\/www.cbayol.fr\/index.php\/physiotherapie-reeducation-fonctionnelle-chien-chat\/","title":{"rendered":"Physioth\u00e9rapie, r\u00e9\u00e9ducation fonctionnelle pour vos chiens"},"content":{"rendered":"\n<p><meta charset=\"utf-8\">Dans quel cas&nbsp;faire appel \u00e0 de la r\u00e9\u00e9ducation fonctionnelle pour votre chien\u202f?<\/p>\n\n\n\n<ul class=\"wp-block-list\">\n<li>Si votre animal souffre d\u2019arthrose, de dysplasie, de hernie discale, de rupture des ligaments crois\u00e9s&#8230;<\/li>\n\n\n\n<li>Et pour le maintenir en forme,<\/li>\n\n\n\n<li>Enfin pour une pr\u00e9paration physique.<\/li>\n<\/ul>\n\n\n\n<p>= Cela conduit \u00e0 la <strong>mise en place d\u2019un protocole de soins en consultation, avec un suivi \u00e0 domicile.<\/strong><\/p>\n\n\n\n<div class=\"wp-block-columns is-layout-flex wp-container-core-columns-is-layout-28f84493 wp-block-columns-is-layout-flex\">\n<div class=\"wp-block-column is-layout-flow wp-block-column-is-layout-flow\">\n<h2 class=\"wp-block-heading\">Comment fonctionne&nbsp;la r\u00e9\u00e9ducation fonctionnelle pour vos chiens\u202f?<\/h2>\n\n\n\n<p>C&rsquo;est suite \u00e0 un diagnostic que seront utilis\u00e9s : massages, exercices passifs et actifs, traitement par la chaleur, kin\u00e9sith\u00e9rapie, \u00e9lectroth\u00e9rapie\u2026<\/p>\n<\/div>\n\n\n\n<div class=\"wp-block-column is-layout-flow wp-block-column-is-layout-flow\">\n<figure class=\"wp-block-image size-full\"><img loading=\"lazy\" decoding=\"async\" width=\"960\" height=\"720\" src=\"https:\/\/www.cbayol.fr\/wp-content\/uploads\/2022\/05\/CamilleBayolVeterinaire_00046.jpg\" alt=\"Electrostimulation, soutient des fonctions musculaires\" class=\"wp-image-848\" srcset=\"https:\/\/www.cbayol.fr\/wp-content\/uploads\/2022\/05\/CamilleBayolVeterinaire_00046.jpg 960w, https:\/\/www.cbayol.fr\/wp-content\/uploads\/2022\/05\/CamilleBayolVeterinaire_00046-300x225.jpg 300w, https:\/\/www.cbayol.fr\/wp-content\/uploads\/2022\/05\/CamilleBayolVeterinaire_00046-768x576.jpg 768w\" sizes=\"auto, (max-width: 960px) 100vw, 960px\" \/><figcaption class=\"wp-element-caption\">Electrostimulation, une technique pour soulager les douleurs musculaires ou consolider les muscles.<\/figcaption><\/figure>\n<\/div>\n<\/div>\n\n\n<div class=\"wp-block-image\">\n<figure class=\"alignright size-large is-resized\"><img loading=\"lazy\" decoding=\"async\" width=\"366\" height=\"1024\" src=\"https:\/\/www.cbayol.fr\/wp-content\/uploads\/2021\/11\/IMG_6390-366x1024.jpg\" alt=\"\" class=\"wp-image-659\" style=\"width:122px;height:341px\" srcset=\"https:\/\/www.cbayol.fr\/wp-content\/uploads\/2021\/11\/IMG_6390-366x1024.jpg 366w, https:\/\/www.cbayol.fr\/wp-content\/uploads\/2021\/11\/IMG_6390-107x300.jpg 107w, https:\/\/www.cbayol.fr\/wp-content\/uploads\/2021\/11\/IMG_6390.jpg 450w\" sizes=\"auto, (max-width: 366px) 100vw, 366px\" \/><\/figure><\/div>\n\n\n<div class=\"wp-block-columns is-layout-flex wp-container-core-columns-is-layout-28f84493 wp-block-columns-is-layout-flex\">\n<div class=\"wp-block-column is-layout-flow wp-block-column-is-layout-flow\" style=\"flex-basis:100%\"><\/div>\n<\/div>\n\n\n\n<h2 class=\"wp-block-heading\">D\u00e9finition g\u00e9n\u00e9rale&nbsp;de la physioth\u00e9rapie<\/h2>\n\n\n\n<p>\u00ab\u00a0La physioth\u00e9rapie et r\u00e9\u00e9ducation fonctionnelle v\u00e9t\u00e9rinaire regroupe l\u2019ensemble des techniques manuelles et instrumentales permettant le diagnostic et le traitement des troubles fonctionnels et l\u00e9sionnels de l\u2019organisme animal.<\/p>\n\n\n\n<p>Son champ d\u2019application s\u2019\u00e9tend de la pr\u00e9vention de ces troubles, \u00e0 la r\u00e9\u00e9ducation fonctionnelle, \u00e0 la prise en charge de la douleur, au maintien de la qualit\u00e9 de vie des animaux et \u00e0 la pr\u00e9paration physique \u00e0 l\u2019exercice sportif.\u00a0\u00bb<\/p>\n\n\n\n<h3 class=\"wp-block-heading\">Quel r\u00e9sultat attendre de la r\u00e9\u00e9ducation fonctionnelle de votre chien\u202f?<\/h3>\n\n\n\n<p>Une meilleure condition physique, une diminution des douleurs chroniques li\u00e9es au mouvement, une augmentation de la force et de la r\u00e9sistance \u00e0 l&rsquo;effort&#8230;<\/p>\n\n\n\n<p>Bien s\u00fbr, les techniques utilis\u00e9es n&rsquo;entrainent pas d&rsquo;effets secondaires, et permettent de diminuer l&rsquo;utilisation de m\u00e9dicaments.&nbsp;<\/p>\n\n\n\n<figure class=\"wp-block-gallery has-nested-images columns-default is-cropped wp-block-gallery-1 is-layout-flex wp-block-gallery-is-layout-flex\">\n<figure class=\"wp-block-image size-large\"><img loading=\"lazy\" decoding=\"async\" width=\"2435\" height=\"2560\" data-id=\"851\" src=\"https:\/\/www.cbayol.fr\/wp-content\/uploads\/2022\/05\/CamilleBayolVeterinaire_00007-scaled.jpg\" alt=\"V\u00e9t\u00e9rinaire, utilisation de traitements naturels\" class=\"wp-image-851\" srcset=\"https:\/\/www.cbayol.fr\/wp-content\/uploads\/2022\/05\/CamilleBayolVeterinaire_00007-scaled.jpg 2435w, https:\/\/www.cbayol.fr\/wp-content\/uploads\/2022\/05\/CamilleBayolVeterinaire_00007-285x300.jpg 285w, https:\/\/www.cbayol.fr\/wp-content\/uploads\/2022\/05\/CamilleBayolVeterinaire_00007-974x1024.jpg 974w, https:\/\/www.cbayol.fr\/wp-content\/uploads\/2022\/05\/CamilleBayolVeterinaire_00007-768x807.jpg 768w, https:\/\/www.cbayol.fr\/wp-content\/uploads\/2022\/05\/CamilleBayolVeterinaire_00007-1461x1536.jpg 1461w, https:\/\/www.cbayol.fr\/wp-content\/uploads\/2022\/05\/CamilleBayolVeterinaire_00007-1948x2048.jpg 1948w\" sizes=\"auto, (max-width: 2435px) 100vw, 2435px\" \/><figcaption class=\"wp-element-caption\">V\u00e9t\u00e9rinaire, en utilisation des traitements naturels, Camille Bayol soulage les chiens, les chats et les chevaux.<\/figcaption><\/figure>\n\n\n\n<figure class=\"wp-block-image size-large\"><img loading=\"lazy\" decoding=\"async\" width=\"1956\" height=\"2560\" data-id=\"849\" src=\"https:\/\/www.cbayol.fr\/wp-content\/uploads\/2022\/05\/CamilleBayolVeterinaire_00042-scaled.jpg\" alt=\"La r\u00e9\u00e9ducation fonctionnelle sur le chat\" class=\"wp-image-849\" srcset=\"https:\/\/www.cbayol.fr\/wp-content\/uploads\/2022\/05\/CamilleBayolVeterinaire_00042-scaled.jpg 1956w, https:\/\/www.cbayol.fr\/wp-content\/uploads\/2022\/05\/CamilleBayolVeterinaire_00042-229x300.jpg 229w, https:\/\/www.cbayol.fr\/wp-content\/uploads\/2022\/05\/CamilleBayolVeterinaire_00042-782x1024.jpg 782w, https:\/\/www.cbayol.fr\/wp-content\/uploads\/2022\/05\/CamilleBayolVeterinaire_00042-768x1005.jpg 768w, https:\/\/www.cbayol.fr\/wp-content\/uploads\/2022\/05\/CamilleBayolVeterinaire_00042-1174x1536.jpg 1174w, https:\/\/www.cbayol.fr\/wp-content\/uploads\/2022\/05\/CamilleBayolVeterinaire_00042-1565x2048.jpg 1565w\" sizes=\"auto, (max-width: 1956px) 100vw, 1956px\" \/><figcaption class=\"wp-element-caption\">La r\u00e9\u00e9ducation fonctionnelle sur le chat, pour accompagner les probl\u00e8mes articulaires (fractures, arthrose&#8230;)<\/figcaption><\/figure>\n\n\n\n<figure class=\"wp-block-image size-large\"><img loading=\"lazy\" decoding=\"async\" width=\"720\" height=\"960\" data-id=\"723\" src=\"https:\/\/www.cbayol.fr\/wp-content\/uploads\/2022\/01\/2110-consultation6203.jpg\" alt=\"Adorable Epagneul lors d'une consultation de r\u00e9\u00e9ducation fonctionnelle\" class=\"wp-image-723\" srcset=\"https:\/\/www.cbayol.fr\/wp-content\/uploads\/2022\/01\/2110-consultation6203.jpg 720w, https:\/\/www.cbayol.fr\/wp-content\/uploads\/2022\/01\/2110-consultation6203-225x300.jpg 225w, https:\/\/www.cbayol.fr\/wp-content\/uploads\/2022\/01\/2110-consultation6203-600x800.jpg 600w\" sizes=\"auto, (max-width: 720px) 100vw, 720px\" \/><figcaption class=\"wp-element-caption\">Cette chienne est une adorable Epagneul. Lors d&rsquo;une consultation de r\u00e9\u00e9ducation fonctionnelle, les muscles sont mass\u00e9s, \u00e9tir\u00e9s et travailler pour faciliter les mouvements et la musculation par la suite.<\/figcaption><\/figure>\n<\/figure>\n\n\n\n<p>Enfin, trouvez ici les soins propos\u00e9s par le cabinet v\u00e9t\u00e9rinaire&nbsp;: <a href=\"https:\/\/www.cbayol.fr\/\">SOINS<\/a><\/p>\n","protected":false},"excerpt":{"rendered":"<p>Dans quel cas&nbsp;faire appel \u00e0 de la r\u00e9\u00e9ducation fonctionnelle pour votre chien\u202f? = Cela conduit \u00e0 la mise en place d\u2019un protocole de soins en consultation, avec un suivi \u00e0 domicile. Comment fonctionne&nbsp;la r\u00e9\u00e9ducation fonctionnelle pour vos chiens\u202f? C&rsquo;est suite \u00e0 un diagnostic que seront utilis\u00e9s : massages, exercices passifs [&hellip;]<\/p>\n","protected":false},"author":1,"featured_media":0,"parent":0,"menu_order":0,"comment_status":"closed","ping_status":"closed","template":"","meta":{"footnotes":""},"class_list":["post-647","page","type-page","status-publish","hentry"],"yoast_head":"<!-- This site is optimized with the Yoast SEO plugin v24.8.1 - https:\/\/yoast.com\/wordpress\/plugins\/seo\/ -->\n<title>R\u00e9\u00e9ducation fonctionnelle pour chien, \u00e0 Rodez (12).<\/title>\n<meta name=\"description\" content=\"Physioth\u00e9rapie, r\u00e9\u00e9ducation fonctionnelle pour vos chiens Trouvez ici des solutions pour r\u00e9\u00e9duquer votre chien d&#039;un point de vue moteur.\" \/>\n<meta name=\"robots\" content=\"index, follow, max-snippet:-1, max-image-preview:large, max-video-preview:-1\" \/>\n<link rel=\"canonical\" href=\"https:\/\/www.cbayol.fr\/index.php\/physiotherapie-reeducation-fonctionnelle-chien-chat\/\" \/>\n<meta property=\"og:locale\" content=\"fr_FR\" \/>\n<meta property=\"og:type\" content=\"article\" \/>\n<meta property=\"og:title\" content=\"R\u00e9\u00e9ducation fonctionnelle pour chien, \u00e0 Rodez (12).\" \/>\n<meta property=\"og:description\" content=\"Physioth\u00e9rapie, r\u00e9\u00e9ducation fonctionnelle pour vos chiens Trouvez ici des solutions pour r\u00e9\u00e9duquer votre chien d&#039;un point de vue moteur.\" \/>\n<meta property=\"og:url\" content=\"https:\/\/www.cbayol.fr\/index.php\/physiotherapie-reeducation-fonctionnelle-chien-chat\/\" \/>\n<meta property=\"og:site_name\" content=\"V\u00e9t\u00e9rinaire &amp; M\u00e9decine compl\u00e9mentaire\" \/>\n<meta property=\"article:publisher\" content=\"https:\/\/www.facebook.com\/camillebayolveterinaire\/\" \/>\n<meta property=\"article:modified_time\" content=\"2026-04-07T12:46:39+00:00\" \/>\n<meta property=\"og:image\" content=\"https:\/\/www.cbayol.fr\/wp-content\/uploads\/2022\/05\/CamilleBayolVeterinaire_00046.jpg\" \/>\n\t<meta property=\"og:image:width\" content=\"960\" \/>\n\t<meta property=\"og:image:height\" content=\"720\" \/>\n\t<meta property=\"og:image:type\" content=\"image\/jpeg\" \/>\n<meta name=\"twitter:card\" content=\"summary_large_image\" \/>\n<meta name=\"twitter:label1\" content=\"Dur\u00e9e de lecture estim\u00e9e\" \/>\n\t<meta name=\"twitter:data1\" content=\"3 minutes\" \/>\n<script type=\"application\/ld+json\" class=\"yoast-schema-graph\">{\"@context\":\"https:\/\/schema.org\",\"@graph\":[{\"@type\":[\"WebPage\",\"AboutPage\"],\"@id\":\"https:\/\/www.cbayol.fr\/index.php\/physiotherapie-reeducation-fonctionnelle-chien-chat\/\",\"url\":\"https:\/\/www.cbayol.fr\/index.php\/physiotherapie-reeducation-fonctionnelle-chien-chat\/\",\"name\":\"R\u00e9\u00e9ducation fonctionnelle pour chien, \u00e0 Rodez (12).\",\"isPartOf\":{\"@id\":\"https:\/\/www.cbayol.fr\/#website\"},\"primaryImageOfPage\":{\"@id\":\"https:\/\/www.cbayol.fr\/index.php\/physiotherapie-reeducation-fonctionnelle-chien-chat\/#primaryimage\"},\"image\":{\"@id\":\"https:\/\/www.cbayol.fr\/index.php\/physiotherapie-reeducation-fonctionnelle-chien-chat\/#primaryimage\"},\"thumbnailUrl\":\"https:\/\/www.cbayol.fr\/wp-content\/uploads\/2022\/05\/CamilleBayolVeterinaire_00046.jpg\",\"datePublished\":\"2021-11-12T10:16:54+00:00\",\"dateModified\":\"2026-04-07T12:46:39+00:00\",\"description\":\"Physioth\u00e9rapie, r\u00e9\u00e9ducation fonctionnelle pour vos chiens Trouvez ici des solutions pour r\u00e9\u00e9duquer votre chien d'un point de vue moteur.\",\"breadcrumb\":{\"@id\":\"https:\/\/www.cbayol.fr\/index.php\/physiotherapie-reeducation-fonctionnelle-chien-chat\/#breadcrumb\"},\"inLanguage\":\"fr-FR\",\"potentialAction\":[{\"@type\":\"ReadAction\",\"target\":[\"https:\/\/www.cbayol.fr\/index.php\/physiotherapie-reeducation-fonctionnelle-chien-chat\/\"]}]},{\"@type\":\"ImageObject\",\"inLanguage\":\"fr-FR\",\"@id\":\"https:\/\/www.cbayol.fr\/index.php\/physiotherapie-reeducation-fonctionnelle-chien-chat\/#primaryimage\",\"url\":\"https:\/\/www.cbayol.fr\/wp-content\/uploads\/2022\/05\/CamilleBayolVeterinaire_00046.jpg\",\"contentUrl\":\"https:\/\/www.cbayol.fr\/wp-content\/uploads\/2022\/05\/CamilleBayolVeterinaire_00046.jpg\",\"width\":960,\"height\":720,\"caption\":\"Electrostimulation, une technique pour soulager les douleurs musculaires ou consolider les muscles.\"},{\"@type\":\"BreadcrumbList\",\"@id\":\"https:\/\/www.cbayol.fr\/index.php\/physiotherapie-reeducation-fonctionnelle-chien-chat\/#breadcrumb\",\"itemListElement\":[{\"@type\":\"ListItem\",\"position\":1,\"name\":\"Accueil\",\"item\":\"https:\/\/www.cbayol.fr\/\"},{\"@type\":\"ListItem\",\"position\":2,\"name\":\"Physioth\u00e9rapie, r\u00e9\u00e9ducation fonctionnelle pour vos chiens\"}]},{\"@type\":\"WebSite\",\"@id\":\"https:\/\/www.cbayol.fr\/#website\",\"url\":\"https:\/\/www.cbayol.fr\/\",\"name\":\"M\u00e9decine Compl\u00e9mentaire V\u00e9t\u00e9rinaire\",\"description\":\"Accompagner vers la pleine sant\u00e9.\",\"publisher\":{\"@id\":\"https:\/\/www.cbayol.fr\/#organization\"},\"potentialAction\":[{\"@type\":\"SearchAction\",\"target\":{\"@type\":\"EntryPoint\",\"urlTemplate\":\"https:\/\/www.cbayol.fr\/?s={search_term_string}\"},\"query-input\":{\"@type\":\"PropertyValueSpecification\",\"valueRequired\":true,\"valueName\":\"search_term_string\"}}],\"inLanguage\":\"fr-FR\"},{\"@type\":\"Organization\",\"@id\":\"https:\/\/www.cbayol.fr\/#organization\",\"name\":\"M\u00e9decine Compl\u00e9mentaire V\u00e9t\u00e9rinaire\",\"url\":\"https:\/\/www.cbayol.fr\/\",\"logo\":{\"@type\":\"ImageObject\",\"inLanguage\":\"fr-FR\",\"@id\":\"https:\/\/www.cbayol.fr\/#\/schema\/logo\/image\/\",\"url\":\"https:\/\/www.cbayol.fr\/wp-content\/uploads\/2019\/03\/aiguilles-acupuncture-chien-chat-1.png\",\"contentUrl\":\"https:\/\/www.cbayol.fr\/wp-content\/uploads\/2019\/03\/aiguilles-acupuncture-chien-chat-1.png\",\"width\":653,\"height\":478,\"caption\":\"M\u00e9decine Compl\u00e9mentaire V\u00e9t\u00e9rinaire\"},\"image\":{\"@id\":\"https:\/\/www.cbayol.fr\/#\/schema\/logo\/image\/\"},\"sameAs\":[\"https:\/\/www.facebook.com\/camillebayolveterinaire\/\"]}]}<\/script>\n<!-- \/ Yoast SEO plugin. -->","yoast_head_json":{"title":"R\u00e9\u00e9ducation fonctionnelle pour chien, \u00e0 Rodez (12).","description":"Physioth\u00e9rapie, r\u00e9\u00e9ducation fonctionnelle pour vos chiens Trouvez ici des solutions pour r\u00e9\u00e9duquer votre chien d'un point de vue moteur.","robots":{"index":"index","follow":"follow","max-snippet":"max-snippet:-1","max-image-preview":"max-image-preview:large","max-video-preview":"max-video-preview:-1"},"canonical":"https:\/\/www.cbayol.fr\/index.php\/physiotherapie-reeducation-fonctionnelle-chien-chat\/","og_locale":"fr_FR","og_type":"article","og_title":"R\u00e9\u00e9ducation fonctionnelle pour chien, \u00e0 Rodez (12).","og_description":"Physioth\u00e9rapie, r\u00e9\u00e9ducation fonctionnelle pour vos chiens Trouvez ici des solutions pour r\u00e9\u00e9duquer votre chien d'un point de vue moteur.","og_url":"https:\/\/www.cbayol.fr\/index.php\/physiotherapie-reeducation-fonctionnelle-chien-chat\/","og_site_name":"V\u00e9t\u00e9rinaire &amp; M\u00e9decine compl\u00e9mentaire","article_publisher":"https:\/\/www.facebook.com\/camillebayolveterinaire\/","article_modified_time":"2026-04-07T12:46:39+00:00","og_image":[{"width":960,"height":720,"url":"https:\/\/www.cbayol.fr\/wp-content\/uploads\/2022\/05\/CamilleBayolVeterinaire_00046.jpg","type":"image\/jpeg"}],"twitter_card":"summary_large_image","twitter_misc":{"Dur\u00e9e de lecture estim\u00e9e":"3 minutes"},"schema":{"@context":"https:\/\/schema.org","@graph":[{"@type":["WebPage","AboutPage"],"@id":"https:\/\/www.cbayol.fr\/index.php\/physiotherapie-reeducation-fonctionnelle-chien-chat\/","url":"https:\/\/www.cbayol.fr\/index.php\/physiotherapie-reeducation-fonctionnelle-chien-chat\/","name":"R\u00e9\u00e9ducation fonctionnelle pour chien, \u00e0 Rodez (12).","isPartOf":{"@id":"https:\/\/www.cbayol.fr\/#website"},"primaryImageOfPage":{"@id":"https:\/\/www.cbayol.fr\/index.php\/physiotherapie-reeducation-fonctionnelle-chien-chat\/#primaryimage"},"image":{"@id":"https:\/\/www.cbayol.fr\/index.php\/physiotherapie-reeducation-fonctionnelle-chien-chat\/#primaryimage"},"thumbnailUrl":"https:\/\/www.cbayol.fr\/wp-content\/uploads\/2022\/05\/CamilleBayolVeterinaire_00046.jpg","datePublished":"2021-11-12T10:16:54+00:00","dateModified":"2026-04-07T12:46:39+00:00","description":"Physioth\u00e9rapie, r\u00e9\u00e9ducation fonctionnelle pour vos chiens Trouvez ici des solutions pour r\u00e9\u00e9duquer votre chien d'un point de vue moteur.","breadcrumb":{"@id":"https:\/\/www.cbayol.fr\/index.php\/physiotherapie-reeducation-fonctionnelle-chien-chat\/#breadcrumb"},"inLanguage":"fr-FR","potentialAction":[{"@type":"ReadAction","target":["https:\/\/www.cbayol.fr\/index.php\/physiotherapie-reeducation-fonctionnelle-chien-chat\/"]}]},{"@type":"ImageObject","inLanguage":"fr-FR","@id":"https:\/\/www.cbayol.fr\/index.php\/physiotherapie-reeducation-fonctionnelle-chien-chat\/#primaryimage","url":"https:\/\/www.cbayol.fr\/wp-content\/uploads\/2022\/05\/CamilleBayolVeterinaire_00046.jpg","contentUrl":"https:\/\/www.cbayol.fr\/wp-content\/uploads\/2022\/05\/CamilleBayolVeterinaire_00046.jpg","width":960,"height":720,"caption":"Electrostimulation, une technique pour soulager les douleurs musculaires ou consolider les muscles."},{"@type":"BreadcrumbList","@id":"https:\/\/www.cbayol.fr\/index.php\/physiotherapie-reeducation-fonctionnelle-chien-chat\/#breadcrumb","itemListElement":[{"@type":"ListItem","position":1,"name":"Accueil","item":"https:\/\/www.cbayol.fr\/"},{"@type":"ListItem","position":2,"name":"Physioth\u00e9rapie, r\u00e9\u00e9ducation fonctionnelle pour vos chiens"}]},{"@type":"WebSite","@id":"https:\/\/www.cbayol.fr\/#website","url":"https:\/\/www.cbayol.fr\/","name":"M\u00e9decine Compl\u00e9mentaire V\u00e9t\u00e9rinaire","description":"Accompagner vers la pleine sant\u00e9.","publisher":{"@id":"https:\/\/www.cbayol.fr\/#organization"},"potentialAction":[{"@type":"SearchAction","target":{"@type":"EntryPoint","urlTemplate":"https:\/\/www.cbayol.fr\/?s={search_term_string}"},"query-input":{"@type":"PropertyValueSpecification","valueRequired":true,"valueName":"search_term_string"}}],"inLanguage":"fr-FR"},{"@type":"Organization","@id":"https:\/\/www.cbayol.fr\/#organization","name":"M\u00e9decine Compl\u00e9mentaire V\u00e9t\u00e9rinaire","url":"https:\/\/www.cbayol.fr\/","logo":{"@type":"ImageObject","inLanguage":"fr-FR","@id":"https:\/\/www.cbayol.fr\/#\/schema\/logo\/image\/","url":"https:\/\/www.cbayol.fr\/wp-content\/uploads\/2019\/03\/aiguilles-acupuncture-chien-chat-1.png","contentUrl":"https:\/\/www.cbayol.fr\/wp-content\/uploads\/2019\/03\/aiguilles-acupuncture-chien-chat-1.png","width":653,"height":478,"caption":"M\u00e9decine Compl\u00e9mentaire V\u00e9t\u00e9rinaire"},"image":{"@id":"https:\/\/www.cbayol.fr\/#\/schema\/logo\/image\/"},"sameAs":["https:\/\/www.facebook.com\/camillebayolveterinaire\/"]}]}},"_links":{"self":[{"href":"https:\/\/www.cbayol.fr\/index.php\/wp-json\/wp\/v2\/pages\/647","targetHints":{"allow":["GET"]}}],"collection":[{"href":"https:\/\/www.cbayol.fr\/index.php\/wp-json\/wp\/v2\/pages"}],"about":[{"href":"https:\/\/www.cbayol.fr\/index.php\/wp-json\/wp\/v2\/types\/page"}],"author":[{"embeddable":true,"href":"https:\/\/www.cbayol.fr\/index.php\/wp-json\/wp\/v2\/users\/1"}],"replies":[{"embeddable":true,"href":"https:\/\/www.cbayol.fr\/index.php\/wp-json\/wp\/v2\/comments?post=647"}],"version-history":[{"count":23,"href":"https:\/\/www.cbayol.fr\/index.php\/wp-json\/wp\/v2\/pages\/647\/revisions"}],"predecessor-version":[{"id":998,"href":"https:\/\/www.cbayol.fr\/index.php\/wp-json\/wp\/v2\/pages\/647\/revisions\/998"}],"wp:attachment":[{"href":"https:\/\/www.cbayol.fr\/index.php\/wp-json\/wp\/v2\/media?parent=647"}],"curies":[{"name":"wp","href":"https:\/\/api.w.org\/{rel}","templated":true}]}}