{"id":40,"date":"2019-03-14T16:05:35","date_gmt":"2019-03-14T16:05:35","guid":{"rendered":"https:\/\/vetoyinyang.wordpress.com\/?page_id=40"},"modified":"2026-04-07T12:49:31","modified_gmt":"2026-04-07T12:49:31","slug":"camille-bayol-veterinaire","status":"publish","type":"page","link":"https:\/\/www.cbayol.fr\/","title":{"rendered":"Soins propos\u00e9s"},"content":{"rendered":"\n<h2 class=\"wp-block-heading has-text-align-center\"><strong><strong>Prise de RDV par SMS au 06 25 52 25 81 ou e-mail veterinaire@cbayol.fr<\/strong><\/strong><\/h2>\n\n\n\n<h3 class=\"wp-block-heading has-text-align-center\">De 9h \u00e0 18h \u2013 du lundi au vendredi.<\/h3>\n\n\n\n<h3 class=\"wp-block-heading\"><a href=\"https:\/\/goo.gl\/maps\/C7UHbnb1Du68sUoT8\" target=\"_blank\" rel=\"noreferrer noopener\">Au cabinet v\u00e9t\u00e9rinaire du Yin Yang, <\/a>499 avenue de la peyrinie, 12000 Rodez.<\/h3>\n\n\n\n<p>Pour un soin naturel de votre chien, votre chat, votre cheval&nbsp;:<\/p>\n\n\n\n<div class=\"wp-block-columns is-layout-flex wp-container-core-columns-is-layout-28f84493 wp-block-columns-is-layout-flex\">\n<div class=\"wp-block-column is-layout-flow wp-block-column-is-layout-flow\"><div class=\"wp-block-image\">\n<figure class=\"aligncenter size-large\"><a href=\"https:\/\/www.cbayol.fr\/index.php\/indications-bayol-veterinaire\/\"><img loading=\"lazy\" decoding=\"async\" width=\"683\" height=\"1024\" src=\"https:\/\/www.cbayol.fr\/wp-content\/uploads\/2021\/09\/Camille-Bayol-aiguille-du-soleil-683x1024.jpg\" alt=\"\" class=\"wp-image-469\" srcset=\"https:\/\/www.cbayol.fr\/wp-content\/uploads\/2021\/09\/Camille-Bayol-aiguille-du-soleil-683x1024.jpg 683w, https:\/\/www.cbayol.fr\/wp-content\/uploads\/2021\/09\/Camille-Bayol-aiguille-du-soleil-200x300.jpg 200w, https:\/\/www.cbayol.fr\/wp-content\/uploads\/2021\/09\/Camille-Bayol-aiguille-du-soleil-768x1152.jpg 768w, https:\/\/www.cbayol.fr\/wp-content\/uploads\/2021\/09\/Camille-Bayol-aiguille-du-soleil-1024x1536.jpg 1024w, https:\/\/www.cbayol.fr\/wp-content\/uploads\/2021\/09\/Camille-Bayol-aiguille-du-soleil-1366x2048.jpg 1366w, https:\/\/www.cbayol.fr\/wp-content\/uploads\/2021\/09\/Camille-Bayol-aiguille-du-soleil-600x900.jpg 600w, https:\/\/www.cbayol.fr\/wp-content\/uploads\/2021\/09\/Camille-Bayol-aiguille-du-soleil-scaled.jpg 1707w\" sizes=\"auto, (max-width: 683px) 100vw, 683px\" \/><\/a><figcaption class=\"wp-element-caption\"><strong>Acupuncture<\/strong><\/figcaption><\/figure><\/div>\n\n\n<p>Technique de traitement utilisant des aiguilles fines sur les points anatomiques pr\u00e9cis.<\/p>\n\n\n\n<div class=\"wp-block-buttons is-horizontal is-content-justification-center is-layout-flex wp-container-core-buttons-is-layout-03627597 wp-block-buttons-is-layout-flex\">\n<div class=\"wp-block-button is-style-outline is-style-outline--1\"><a class=\"wp-block-button__link wp-element-button\" href=\"https:\/\/www.cbayol.fr\/index.php\/indications-bayol-veterinaire\/\" target=\"_blank\" rel=\"noreferrer noopener\">Pour en savoir plus<\/a><\/div>\n<\/div>\n<\/div>\n\n\n\n<div class=\"wp-block-column is-layout-flow wp-block-column-is-layout-flow\"><div class=\"wp-block-image\">\n<figure class=\"aligncenter size-large\"><a href=\"https:\/\/www.cbayol.fr\/index.php\/traitements-naturels\/\"><img loading=\"lazy\" decoding=\"async\" width=\"1024\" height=\"878\" src=\"https:\/\/www.cbayol.fr\/wp-content\/uploads\/2021\/10\/03D1EF05-764B-4786-9685-64CAADF82748-1024x878.jpeg\" alt=\"\" class=\"wp-image-614\" srcset=\"https:\/\/www.cbayol.fr\/wp-content\/uploads\/2021\/10\/03D1EF05-764B-4786-9685-64CAADF82748-1024x878.jpeg 1024w, https:\/\/www.cbayol.fr\/wp-content\/uploads\/2021\/10\/03D1EF05-764B-4786-9685-64CAADF82748-300x257.jpeg 300w, https:\/\/www.cbayol.fr\/wp-content\/uploads\/2021\/10\/03D1EF05-764B-4786-9685-64CAADF82748-768x659.jpeg 768w, https:\/\/www.cbayol.fr\/wp-content\/uploads\/2021\/10\/03D1EF05-764B-4786-9685-64CAADF82748-1536x1317.jpeg 1536w, https:\/\/www.cbayol.fr\/wp-content\/uploads\/2021\/10\/03D1EF05-764B-4786-9685-64CAADF82748-2048x1757.jpeg 2048w, https:\/\/www.cbayol.fr\/wp-content\/uploads\/2021\/10\/03D1EF05-764B-4786-9685-64CAADF82748-600x515.jpeg 600w\" sizes=\"auto, (max-width: 1024px) 100vw, 1024px\" \/><\/a><figcaption class=\"wp-element-caption\"><strong>Phytoth\u00e9rapie et traitements naturels<\/strong><\/figcaption><\/figure><\/div>\n\n\n<p>Utilisation d&rsquo;extraits de plantes, de nutraceutiques, et de m\u00e9thodes physiques pour soutenir la sant\u00e9 de votre animal.<\/p>\n\n\n\n<div class=\"wp-block-buttons alignwide is-horizontal is-content-justification-center is-layout-flex wp-container-core-buttons-is-layout-03627597 wp-block-buttons-is-layout-flex\">\n<div class=\"wp-block-button is-style-outline is-style-outline--2\"><a class=\"wp-block-button__link wp-element-button\" href=\"https:\/\/www.cbayol.fr\/index.php\/traitements-naturels\/\" target=\"_blank\" rel=\"noreferrer noopener\">Pour en savoir plus<\/a><\/div>\n<\/div>\n<\/div>\n\n\n\n<div class=\"wp-block-column is-layout-flow wp-block-column-is-layout-flow\"><div class=\"wp-block-image\">\n<figure class=\"aligncenter size-full\"><img loading=\"lazy\" decoding=\"async\" width=\"720\" height=\"960\" src=\"https:\/\/www.cbayol.fr\/wp-content\/uploads\/2022\/01\/2110-consultation6203.jpg\" alt=\"Adorable Epagneul lors d'une consultation de r\u00e9\u00e9ducation fonctionnelle\" class=\"wp-image-723\" srcset=\"https:\/\/www.cbayol.fr\/wp-content\/uploads\/2022\/01\/2110-consultation6203.jpg 720w, https:\/\/www.cbayol.fr\/wp-content\/uploads\/2022\/01\/2110-consultation6203-225x300.jpg 225w, https:\/\/www.cbayol.fr\/wp-content\/uploads\/2022\/01\/2110-consultation6203-600x800.jpg 600w\" sizes=\"auto, (max-width: 720px) 100vw, 720px\" \/><figcaption class=\"wp-element-caption\">Cette chienne est une adorable Epagneul. Lors d&rsquo;une consultation de r\u00e9\u00e9ducation fonctionnelle, les muscles sont mass\u00e9s, \u00e9tir\u00e9s et travailler pour faciliter les mouvements et la musculation par la suite.<\/figcaption><\/figure><\/div>\n\n\n<p>Exercices permettant de r\u00e9\u00e9duquer des corps en difficult\u00e9. <\/p>\n\n\n\n<div class=\"wp-block-buttons is-horizontal is-content-justification-center is-layout-flex wp-container-core-buttons-is-layout-03627597 wp-block-buttons-is-layout-flex\">\n<div class=\"wp-block-button is-style-outline is-style-outline--3\"><a class=\"wp-block-button__link wp-element-button\" href=\"https:\/\/www.cbayol.fr\/index.php\/physiotherapie-reeducation-fonctionnelle\/\" target=\"_blank\" rel=\"noreferrer noopener\">Pour en savoir plus<\/a><\/div>\n<\/div>\n<\/div>\n<\/div>\n\n\n\n<h4 class=\"wp-block-heading has-text-align-center\">\u00c9co responsabilit\u00e9 dans le soin&nbsp;:<\/h4>\n\n\n\n<p><meta charset=\"utf-8\"><\/meta><em><meta charset=\"utf-8\"><\/meta><em>Une d\u00e9marche \u00e9coresponsable accompagne chaque acte et prescription de produits\u00a0: limiter le mat\u00e9riel jetable (\u00e0 l\u2019exception des aiguilles d\u2019acupuncture \u00e0 usage unique), \u00e9conomie d\u2019\u00e9nergie, partenariats avec des laboratoires \u00e9galement impliqu\u00e9s dans cette d\u00e9marche, recyclage des emballages, des flacons que vous rapportez\u2026<\/em><\/em><\/p>\n\n\n\n<div class=\"wp-block-group\"><div class=\"wp-block-group__inner-container is-layout-constrained wp-block-group-is-layout-constrained\">\n<div class=\"wp-block-columns is-layout-flex wp-container-core-columns-is-layout-28f84493 wp-block-columns-is-layout-flex\">\n<div class=\"wp-block-column is-layout-flow wp-block-column-is-layout-flow\" style=\"flex-basis:100%\">\n<div class=\"wp-block-columns is-layout-flex wp-container-core-columns-is-layout-28f84493 wp-block-columns-is-layout-flex\">\n<div class=\"wp-block-column is-layout-flow wp-block-column-is-layout-flow\" style=\"flex-basis:25%\">\n<figure class=\"wp-block-image size-full is-resized\"><img loading=\"lazy\" decoding=\"async\" width=\"812\" height=\"727\" src=\"https:\/\/www.cbayol.fr\/wp-content\/uploads\/2021\/09\/Camille-Bayol-chat-acupuncture.png\" alt=\"Consultation d'acupuncture sur un chat\" class=\"wp-image-510\" style=\"width:153px;height:auto\" srcset=\"https:\/\/www.cbayol.fr\/wp-content\/uploads\/2021\/09\/Camille-Bayol-chat-acupuncture.png 812w, https:\/\/www.cbayol.fr\/wp-content\/uploads\/2021\/09\/Camille-Bayol-chat-acupuncture-300x269.png 300w, https:\/\/www.cbayol.fr\/wp-content\/uploads\/2021\/09\/Camille-Bayol-chat-acupuncture-768x688.png 768w, https:\/\/www.cbayol.fr\/wp-content\/uploads\/2021\/09\/Camille-Bayol-chat-acupuncture-600x537.png 600w\" sizes=\"auto, (max-width: 812px) 100vw, 812px\" \/><\/figure>\n<\/div>\n\n\n\n<div class=\"wp-block-column is-layout-flow wp-block-column-is-layout-flow\" style=\"flex-basis:50%\">\n<figure class=\"wp-block-image size-large is-resized\"><img loading=\"lazy\" decoding=\"async\" width=\"768\" height=\"1024\" src=\"https:\/\/www.cbayol.fr\/wp-content\/uploads\/2025\/04\/L1001642-1-768x1024.jpg\" alt=\"\" class=\"wp-image-976\" style=\"width:247px;height:auto\" srcset=\"https:\/\/www.cbayol.fr\/wp-content\/uploads\/2025\/04\/L1001642-1-768x1024.jpg 768w, https:\/\/www.cbayol.fr\/wp-content\/uploads\/2025\/04\/L1001642-1-225x300.jpg 225w, https:\/\/www.cbayol.fr\/wp-content\/uploads\/2025\/04\/L1001642-1-1152x1536.jpg 1152w, https:\/\/www.cbayol.fr\/wp-content\/uploads\/2025\/04\/L1001642-1-1536x2048.jpg 1536w, https:\/\/www.cbayol.fr\/wp-content\/uploads\/2025\/04\/L1001642-1-scaled.jpg 1920w\" sizes=\"auto, (max-width: 768px) 100vw, 768px\" \/><\/figure>\n<\/div>\n\n\n\n<div class=\"wp-block-column is-layout-flow wp-block-column-is-layout-flow\" style=\"flex-basis:25%\">\n<figure class=\"wp-block-image size-large\"><img loading=\"lazy\" decoding=\"async\" width=\"1024\" height=\"682\" src=\"https:\/\/www.cbayol.fr\/wp-content\/uploads\/2025\/04\/L1001635-1-1024x682.jpg\" alt=\"\" class=\"wp-image-977\" srcset=\"https:\/\/www.cbayol.fr\/wp-content\/uploads\/2025\/04\/L1001635-1-1024x682.jpg 1024w, https:\/\/www.cbayol.fr\/wp-content\/uploads\/2025\/04\/L1001635-1-300x200.jpg 300w, https:\/\/www.cbayol.fr\/wp-content\/uploads\/2025\/04\/L1001635-1-768x511.jpg 768w, https:\/\/www.cbayol.fr\/wp-content\/uploads\/2025\/04\/L1001635-1-1536x1022.jpg 1536w, https:\/\/www.cbayol.fr\/wp-content\/uploads\/2025\/04\/L1001635-1-2048x1363.jpg 2048w, https:\/\/www.cbayol.fr\/wp-content\/uploads\/2025\/04\/L1001635-1-360x240.jpg 360w\" sizes=\"auto, (max-width: 1024px) 100vw, 1024px\" \/><\/figure>\n<\/div>\n<\/div>\n<\/div>\n<\/div>\n<\/div><\/div>\n\n\n\n<hr class=\"wp-block-separator has-css-opacity is-style-default\"\/>\n\n\n\n<blockquote class=\"wp-block-quote has-text-align-center is-style-large is-layout-flow wp-block-quote-is-layout-flow\">\n<p><a data-type=\"URL\" data-id=\"https:\/\/www.cbayol.fr\/index.php\/tarif-bayol-veterinaire\/\" href=\"https:\/\/www.cbayol.fr\/index.php\/tarif-bayol-veterinaire\/\">Comment se d\u00e9roule une consultation v\u00e9t\u00e9rinaire ? Quel est le tarif ?<\/a><\/p>\n\n\n\n<p>Pour votre chien, votre chat ou votre cheval, la v\u00e9t\u00e9rinaire \u00e9tablit un diagnostic pr\u00e9cis et classique, permettant un soin naturel en acupuncture, phytoth\u00e9rapie et\/ou r\u00e9\u00e9ducation fonctionnelle. Diff\u00e9rents tarifs existent et sont consultables <a href=\"https:\/\/www.cbayol.fr\/\">ici<\/a>.<\/p>\n\n\n\n<p>\u00ab\u00a0<em>En tant que v\u00e9t\u00e9rinaire, je commence toujours par un examen m\u00e9dical pour adapter les soins \u00e9nerg\u00e9tiques \u00e0 l\u2019\u00e9tat de sant\u00e9 de votre animal.\u00a0\u00bb<\/em><\/p>\n<cite><meta charset=\"utf-8\">Pour assurer la continuit\u00e9 de soin de votre animal, n\u2019h\u00e9sitez pas \u00e0 me contacter au 06 25 52 25 81. Pour toute urgence vitale ou acte de m\u00e9decine g\u00e9n\u00e9rale, contactez votre v\u00e9t\u00e9rinaire habituel.<\/cite><\/blockquote>\n\n\n\n<hr class=\"wp-block-separator has-css-opacity is-style-default\"\/>\n\n\n\n<div class=\"wp-block-columns is-layout-flex wp-container-core-columns-is-layout-28f84493 wp-block-columns-is-layout-flex\">\n<div class=\"wp-block-column is-layout-flow wp-block-column-is-layout-flow\">\n<figure class=\"wp-block-embed is-type-video is-provider-youtube wp-block-embed-youtube wp-embed-aspect-16-9 wp-has-aspect-ratio\"><div class=\"wp-block-embed__wrapper\">\n<iframe loading=\"lazy\" title=\"Pr\u00e9sentation de l&#039;activit\u00e9 en acupuncture v\u00e9t\u00e9rinaire, France 3 Quercy Rouergue, janvier 2022\" width=\"750\" height=\"422\" src=\"https:\/\/www.youtube.com\/embed\/8bRdlSUkXcc?feature=oembed\" frameborder=\"0\" allow=\"accelerometer; autoplay; clipboard-write; encrypted-media; gyroscope; picture-in-picture; web-share\" referrerpolicy=\"strict-origin-when-cross-origin\" allowfullscreen><\/iframe>\n<\/div><\/figure>\n<\/div>\n\n\n\n<div class=\"wp-block-column is-layout-flow wp-block-column-is-layout-flow\">\n<div class=\"wp-block-columns is-layout-flex wp-container-core-columns-is-layout-28f84493 wp-block-columns-is-layout-flex\">\n<div class=\"wp-block-column is-layout-flow wp-block-column-is-layout-flow\">\n<figure class=\"wp-block-embed is-type-video is-provider-youtube wp-block-embed-youtube wp-embed-aspect-16-9 wp-has-aspect-ratio\"><div class=\"wp-block-embed__wrapper\">\n<iframe loading=\"lazy\" title=\"#5 Portraits Inspirants \u2013 Camille Bayol\u00a0: V\u00e9t\u00e9rinaire et Acupuncture\" width=\"750\" height=\"422\" src=\"https:\/\/www.youtube.com\/embed\/6ffjMgU5RUM?feature=oembed\" frameborder=\"0\" allow=\"accelerometer; autoplay; clipboard-write; encrypted-media; gyroscope; picture-in-picture; web-share\" referrerpolicy=\"strict-origin-when-cross-origin\" allowfullscreen><\/iframe>\n<\/div><\/figure>\n<\/div>\n<\/div>\n<\/div>\n<\/div>\n\n\n\n<h2 class=\"wp-block-heading has-text-align-center\">La sant\u00e9 de votre chien, chat ou cheval peut s&rsquo;accompagner de soins naturels !<\/h2>\n\n\n\n<figure class=\"wp-block-pullquote\"><blockquote><p><em>\u00ab\u00a0<strong>DV Camille Bayol<\/strong>&nbsp;\u2013 V\u00e9t\u00e9rinaire et praticienne en m\u00e9decines naturelles.<br>Combiner science v\u00e9t\u00e9rinaire et approches douces pour un soin global de votre animal.\u00a0\u00bb<\/em><\/p><\/blockquote><\/figure>\n\n\n\n<p>Retrouvez les actualit\u00e9s du cabinet v\u00e9t\u00e9rinaire ici&nbsp;:&nbsp;<a href=\"https:\/\/www.facebook.com\/camillebayolveterinaire\" target=\"_blank\" rel=\"noreferrer noopener\">FACEBOOK<\/a>&nbsp;et&nbsp;<a href=\"https:\/\/www.instagram.com\/bayolveterinaire\/\" target=\"_blank\" rel=\"noreferrer noopener\">INSTAGRAM<\/a><\/p>\n\n\n\n<blockquote class=\"wp-block-quote is-layout-flow wp-block-quote-is-layout-flow\">\n<p>Avis vus sur Google et retours de clients&nbsp;:<\/p>\n\n\n\n<p>Avril 2022&nbsp;: \u00ab\u00a0Ci-joint l&rsquo;analyse d&rsquo;**** hier qui a largement permis&nbsp; (2500 neutrophiles attendus et pr\u00e9sence de 5 700\u202f!) ) une nouvelle s\u00e9ance de chimio avec le dosage initial.\u00a0\u00bb M.R.<\/p>\n\n\n\n<p>F\u00e9vrier 2022&nbsp;: \u00ab\u00a0Une v\u00e9t\u00e9rinaire que je recommande. Je suis satisfaite des soins faits \u00e0 mes animaux et j&rsquo;ai des retours positifs de mes clients. Une approche sant\u00e9 animale diff\u00e9rente mais plus que b\u00e9n\u00e9fique.\u00a0\u00bb E.B.<\/p>\n\n\n\n<p>F\u00e9vrier 2021: \u00ab\u00a0Tr\u00e8s bien.\u00a0\u00bb Y.C<\/p>\n<\/blockquote>\n","protected":false},"excerpt":{"rendered":"<p>Camille Bayol, v\u00e9t\u00e9rinaire exclusivement en acupuncture<\/p>\n","protected":false},"author":2,"featured_media":0,"parent":0,"menu_order":0,"comment_status":"closed","ping_status":"closed","template":"","meta":{"footnotes":""},"class_list":["post-40","page","type-page","status-publish","hentry"],"yoast_head":"<!-- This site is optimized with the Yoast SEO plugin v24.8.1 - https:\/\/yoast.com\/wordpress\/plugins\/seo\/ -->\n<title>Soin naturel pour votre chien, chat et cheval<\/title>\n<meta name=\"description\" content=\"V\u00e9t\u00e9rinaire &amp; M\u00e9decine compl\u00e9mentaire: soin naturel en acupuncture, phytoth\u00e9rapie, r\u00e9\u00e9ducation pour votre chien, chat ou cheval, \u00e0 Rodez.\" \/>\n<meta name=\"robots\" content=\"index, follow, max-snippet:-1, max-image-preview:large, max-video-preview:-1\" \/>\n<link rel=\"canonical\" href=\"https:\/\/www.cbayol.fr\/\" \/>\n<meta property=\"og:locale\" content=\"fr_FR\" \/>\n<meta property=\"og:type\" content=\"article\" \/>\n<meta property=\"og:title\" content=\"Soin naturel pour votre chien, chat et cheval\" \/>\n<meta property=\"og:description\" content=\"V\u00e9t\u00e9rinaire &amp; M\u00e9decine compl\u00e9mentaire: soin naturel en acupuncture, phytoth\u00e9rapie, r\u00e9\u00e9ducation pour votre chien, chat ou cheval, \u00e0 Rodez.\" \/>\n<meta property=\"og:url\" content=\"https:\/\/www.cbayol.fr\/\" \/>\n<meta property=\"og:site_name\" content=\"V\u00e9t\u00e9rinaire &amp; M\u00e9decine compl\u00e9mentaire\" \/>\n<meta property=\"article:publisher\" content=\"https:\/\/www.facebook.com\/camillebayolveterinaire\/\" \/>\n<meta property=\"article:modified_time\" content=\"2026-04-07T12:49:31+00:00\" \/>\n<meta property=\"og:image\" content=\"https:\/\/www.cbayol.fr\/wp-content\/uploads\/2021\/09\/Camille-Bayol-aiguille-du-soleil-scaled.jpg\" \/>\n\t<meta property=\"og:image:width\" content=\"1707\" \/>\n\t<meta property=\"og:image:height\" content=\"2560\" \/>\n\t<meta property=\"og:image:type\" content=\"image\/jpeg\" \/>\n<meta name=\"twitter:card\" content=\"summary_large_image\" \/>\n<meta name=\"twitter:label1\" content=\"Dur\u00e9e de lecture estim\u00e9e\" \/>\n\t<meta name=\"twitter:data1\" content=\"3 minutes\" \/>\n<script type=\"application\/ld+json\" class=\"yoast-schema-graph\">{\"@context\":\"https:\/\/schema.org\",\"@graph\":[{\"@type\":[\"WebPage\",\"MedicalWebPage\"],\"@id\":\"https:\/\/www.cbayol.fr\/\",\"url\":\"https:\/\/www.cbayol.fr\/\",\"name\":\"Soin naturel pour votre chien, chat et cheval\",\"isPartOf\":{\"@id\":\"https:\/\/www.cbayol.fr\/#website\"},\"primaryImageOfPage\":{\"@id\":\"https:\/\/www.cbayol.fr\/#primaryimage\"},\"image\":{\"@id\":\"https:\/\/www.cbayol.fr\/#primaryimage\"},\"thumbnailUrl\":\"https:\/\/www.cbayol.fr\/wp-content\/uploads\/2021\/09\/Camille-Bayol-aiguille-du-soleil-683x1024.jpg\",\"datePublished\":\"2019-03-14T16:05:35+00:00\",\"dateModified\":\"2026-04-07T12:49:31+00:00\",\"description\":\"V\u00e9t\u00e9rinaire &amp; M\u00e9decine compl\u00e9mentaire: soin naturel en acupuncture, phytoth\u00e9rapie, r\u00e9\u00e9ducation pour votre chien, chat ou cheval, \u00e0 Rodez.\",\"breadcrumb\":{\"@id\":\"https:\/\/www.cbayol.fr\/#breadcrumb\"},\"inLanguage\":\"fr-FR\",\"potentialAction\":[{\"@type\":\"ReadAction\",\"target\":[\"https:\/\/www.cbayol.fr\/\"]}]},{\"@type\":\"ImageObject\",\"inLanguage\":\"fr-FR\",\"@id\":\"https:\/\/www.cbayol.fr\/#primaryimage\",\"url\":\"https:\/\/www.cbayol.fr\/wp-content\/uploads\/2021\/09\/Camille-Bayol-aiguille-du-soleil-683x1024.jpg\",\"contentUrl\":\"https:\/\/www.cbayol.fr\/wp-content\/uploads\/2021\/09\/Camille-Bayol-aiguille-du-soleil-683x1024.jpg\"},{\"@type\":\"BreadcrumbList\",\"@id\":\"https:\/\/www.cbayol.fr\/#breadcrumb\",\"itemListElement\":[{\"@type\":\"ListItem\",\"position\":1,\"name\":\"Accueil\",\"item\":\"https:\/\/www.cbayol.fr\/\"},{\"@type\":\"ListItem\",\"position\":2,\"name\":\"Soins propos\u00e9s\"}]},{\"@type\":\"WebSite\",\"@id\":\"https:\/\/www.cbayol.fr\/#website\",\"url\":\"https:\/\/www.cbayol.fr\/\",\"name\":\"M\u00e9decine Compl\u00e9mentaire V\u00e9t\u00e9rinaire\",\"description\":\"Accompagner vers la pleine sant\u00e9.\",\"publisher\":{\"@id\":\"https:\/\/www.cbayol.fr\/#organization\"},\"potentialAction\":[{\"@type\":\"SearchAction\",\"target\":{\"@type\":\"EntryPoint\",\"urlTemplate\":\"https:\/\/www.cbayol.fr\/?s={search_term_string}\"},\"query-input\":{\"@type\":\"PropertyValueSpecification\",\"valueRequired\":true,\"valueName\":\"search_term_string\"}}],\"inLanguage\":\"fr-FR\"},{\"@type\":\"Organization\",\"@id\":\"https:\/\/www.cbayol.fr\/#organization\",\"name\":\"M\u00e9decine Compl\u00e9mentaire V\u00e9t\u00e9rinaire\",\"url\":\"https:\/\/www.cbayol.fr\/\",\"logo\":{\"@type\":\"ImageObject\",\"inLanguage\":\"fr-FR\",\"@id\":\"https:\/\/www.cbayol.fr\/#\/schema\/logo\/image\/\",\"url\":\"https:\/\/www.cbayol.fr\/wp-content\/uploads\/2019\/03\/aiguilles-acupuncture-chien-chat-1.png\",\"contentUrl\":\"https:\/\/www.cbayol.fr\/wp-content\/uploads\/2019\/03\/aiguilles-acupuncture-chien-chat-1.png\",\"width\":653,\"height\":478,\"caption\":\"M\u00e9decine Compl\u00e9mentaire V\u00e9t\u00e9rinaire\"},\"image\":{\"@id\":\"https:\/\/www.cbayol.fr\/#\/schema\/logo\/image\/\"},\"sameAs\":[\"https:\/\/www.facebook.com\/camillebayolveterinaire\/\"]}]}<\/script>\n<!-- \/ Yoast SEO plugin. -->","yoast_head_json":{"title":"Soin naturel pour votre chien, chat et cheval","description":"V\u00e9t\u00e9rinaire &amp; M\u00e9decine compl\u00e9mentaire: soin naturel en acupuncture, phytoth\u00e9rapie, r\u00e9\u00e9ducation pour votre chien, chat ou cheval, \u00e0 Rodez.","robots":{"index":"index","follow":"follow","max-snippet":"max-snippet:-1","max-image-preview":"max-image-preview:large","max-video-preview":"max-video-preview:-1"},"canonical":"https:\/\/www.cbayol.fr\/","og_locale":"fr_FR","og_type":"article","og_title":"Soin naturel pour votre chien, chat et cheval","og_description":"V\u00e9t\u00e9rinaire &amp; M\u00e9decine compl\u00e9mentaire: soin naturel en acupuncture, phytoth\u00e9rapie, r\u00e9\u00e9ducation pour votre chien, chat ou cheval, \u00e0 Rodez.","og_url":"https:\/\/www.cbayol.fr\/","og_site_name":"V\u00e9t\u00e9rinaire &amp; M\u00e9decine compl\u00e9mentaire","article_publisher":"https:\/\/www.facebook.com\/camillebayolveterinaire\/","article_modified_time":"2026-04-07T12:49:31+00:00","og_image":[{"width":1707,"height":2560,"url":"https:\/\/www.cbayol.fr\/wp-content\/uploads\/2021\/09\/Camille-Bayol-aiguille-du-soleil-scaled.jpg","type":"image\/jpeg"}],"twitter_card":"summary_large_image","twitter_misc":{"Dur\u00e9e de lecture estim\u00e9e":"3 minutes"},"schema":{"@context":"https:\/\/schema.org","@graph":[{"@type":["WebPage","MedicalWebPage"],"@id":"https:\/\/www.cbayol.fr\/","url":"https:\/\/www.cbayol.fr\/","name":"Soin naturel pour votre chien, chat et cheval","isPartOf":{"@id":"https:\/\/www.cbayol.fr\/#website"},"primaryImageOfPage":{"@id":"https:\/\/www.cbayol.fr\/#primaryimage"},"image":{"@id":"https:\/\/www.cbayol.fr\/#primaryimage"},"thumbnailUrl":"https:\/\/www.cbayol.fr\/wp-content\/uploads\/2021\/09\/Camille-Bayol-aiguille-du-soleil-683x1024.jpg","datePublished":"2019-03-14T16:05:35+00:00","dateModified":"2026-04-07T12:49:31+00:00","description":"V\u00e9t\u00e9rinaire &amp; M\u00e9decine compl\u00e9mentaire: soin naturel en acupuncture, phytoth\u00e9rapie, r\u00e9\u00e9ducation pour votre chien, chat ou cheval, \u00e0 Rodez.","breadcrumb":{"@id":"https:\/\/www.cbayol.fr\/#breadcrumb"},"inLanguage":"fr-FR","potentialAction":[{"@type":"ReadAction","target":["https:\/\/www.cbayol.fr\/"]}]},{"@type":"ImageObject","inLanguage":"fr-FR","@id":"https:\/\/www.cbayol.fr\/#primaryimage","url":"https:\/\/www.cbayol.fr\/wp-content\/uploads\/2021\/09\/Camille-Bayol-aiguille-du-soleil-683x1024.jpg","contentUrl":"https:\/\/www.cbayol.fr\/wp-content\/uploads\/2021\/09\/Camille-Bayol-aiguille-du-soleil-683x1024.jpg"},{"@type":"BreadcrumbList","@id":"https:\/\/www.cbayol.fr\/#breadcrumb","itemListElement":[{"@type":"ListItem","position":1,"name":"Accueil","item":"https:\/\/www.cbayol.fr\/"},{"@type":"ListItem","position":2,"name":"Soins propos\u00e9s"}]},{"@type":"WebSite","@id":"https:\/\/www.cbayol.fr\/#website","url":"https:\/\/www.cbayol.fr\/","name":"M\u00e9decine Compl\u00e9mentaire V\u00e9t\u00e9rinaire","description":"Accompagner vers la pleine sant\u00e9.","publisher":{"@id":"https:\/\/www.cbayol.fr\/#organization"},"potentialAction":[{"@type":"SearchAction","target":{"@type":"EntryPoint","urlTemplate":"https:\/\/www.cbayol.fr\/?s={search_term_string}"},"query-input":{"@type":"PropertyValueSpecification","valueRequired":true,"valueName":"search_term_string"}}],"inLanguage":"fr-FR"},{"@type":"Organization","@id":"https:\/\/www.cbayol.fr\/#organization","name":"M\u00e9decine Compl\u00e9mentaire V\u00e9t\u00e9rinaire","url":"https:\/\/www.cbayol.fr\/","logo":{"@type":"ImageObject","inLanguage":"fr-FR","@id":"https:\/\/www.cbayol.fr\/#\/schema\/logo\/image\/","url":"https:\/\/www.cbayol.fr\/wp-content\/uploads\/2019\/03\/aiguilles-acupuncture-chien-chat-1.png","contentUrl":"https:\/\/www.cbayol.fr\/wp-content\/uploads\/2019\/03\/aiguilles-acupuncture-chien-chat-1.png","width":653,"height":478,"caption":"M\u00e9decine Compl\u00e9mentaire V\u00e9t\u00e9rinaire"},"image":{"@id":"https:\/\/www.cbayol.fr\/#\/schema\/logo\/image\/"},"sameAs":["https:\/\/www.facebook.com\/camillebayolveterinaire\/"]}]}},"_links":{"self":[{"href":"https:\/\/www.cbayol.fr\/index.php\/wp-json\/wp\/v2\/pages\/40","targetHints":{"allow":["GET"]}}],"collection":[{"href":"https:\/\/www.cbayol.fr\/index.php\/wp-json\/wp\/v2\/pages"}],"about":[{"href":"https:\/\/www.cbayol.fr\/index.php\/wp-json\/wp\/v2\/types\/page"}],"author":[{"embeddable":true,"href":"https:\/\/www.cbayol.fr\/index.php\/wp-json\/wp\/v2\/users\/2"}],"replies":[{"embeddable":true,"href":"https:\/\/www.cbayol.fr\/index.php\/wp-json\/wp\/v2\/comments?post=40"}],"version-history":[{"count":76,"href":"https:\/\/www.cbayol.fr\/index.php\/wp-json\/wp\/v2\/pages\/40\/revisions"}],"predecessor-version":[{"id":1002,"href":"https:\/\/www.cbayol.fr\/index.php\/wp-json\/wp\/v2\/pages\/40\/revisions\/1002"}],"wp:attachment":[{"href":"https:\/\/www.cbayol.fr\/index.php\/wp-json\/wp\/v2\/media?parent=40"}],"curies":[{"name":"wp","href":"https:\/\/api.w.org\/{rel}","templated":true}]}}