{"id":389,"date":"2021-03-10T19:53:59","date_gmt":"2021-03-10T19:53:59","guid":{"rendered":"https:\/\/www.vetoyinyang.fr\/?page_id=389"},"modified":"2026-04-07T12:53:09","modified_gmt":"2026-04-07T12:53:09","slug":"traitements-naturels","status":"publish","type":"page","link":"https:\/\/www.cbayol.fr\/index.php\/traitements-naturels\/","title":{"rendered":"Traitements naturels propos\u00e9s"},"content":{"rendered":"\n<p>En compl\u00e9ment de la m\u00e9decine v\u00e9t\u00e9rinaire conventionnelle, vous pouvez utiliser un traitement naturel pour votre chien, chat ou cheval.<\/p>\n\n\n\n<div class=\"wp-block-columns alignfull has-text-color has-background is-layout-flex wp-container-core-columns-is-layout-28f84493 wp-block-columns-is-layout-flex\" style=\"color:#000000;background-color:#ffffff\">\n<div class=\"wp-block-column is-layout-flow wp-block-column-is-layout-flow\">\n<h3 class=\"wp-block-heading\" style=\"font-size:24px;line-height:1.3\"><strong>Pr\u00e9paration \u00e0 base de plantes<\/strong><\/h3>\n\n\n\n<p>Lors de la consultation de votre animal, je suis amen\u00e9e \u00e0 vous conseiller en phytoth\u00e9rapie. L\u2019avantage principal d\u2019utiliser une pr\u00e9paration magistrale de plantes est de pouvoir adapter sa composition \u00e0 l\u2019individu, \u00e0 un moment de sa maladie et donc pouvoir faire \u00e9voluer la formule en fonction de l&rsquo;\u00e9volution de l&rsquo;\u00e9tat de votre animal.<\/p>\n<\/div>\n\n\n\n<div class=\"wp-block-column is-layout-flow wp-block-column-is-layout-flow\">\n<h3 class=\"wp-block-heading\" style=\"font-size:24px;line-height:1.3\"><strong>Gemmoth\u00e9rapie<\/strong><\/h3>\n\n\n\n<p>La gemmoth\u00e9rapie s\u2019ajoute tout simplement au m\u00e9lange de phytoth\u00e9rapie. L\u2019int\u00e9r\u00eat de cette pratique est de concentrer les effets des plantes dans des doses minimales et donc, de faciliter la prise du m\u00e9dicament.<\/p>\n<\/div>\n\n\n\n<div class=\"wp-block-column is-layout-flow wp-block-column-is-layout-flow\">\n<h3 class=\"wp-block-heading\">Fleurs de Bach, traitement naturel<\/h3>\n\n\n\n<p>Par ailleurs, les fleurs de Bach sont souvent ajout\u00e9es aux pr\u00e9parations de plantes. Leur soutien de l\u2019ensemble de l\u2019animal est une aide pr\u00e9cieuse en cas de difficult\u00e9.<\/p>\n<\/div>\n\n\n\n<div class=\"wp-block-column is-layout-flow wp-block-column-is-layout-flow\">\n<h3 class=\"wp-block-heading\" style=\"font-size:24px;line-height:1.3\"><strong>Th\u00e9rapie par le chaud<\/strong> pour les chiens, chats, chevaux<\/h3>\n\n\n\n<p>Lors de maladie l\u00e9sionnelle entrainant des boiteries par exemple, la th\u00e9rapie par le chaud, \u00e0 l\u2019aide d\u2019une lampe particuli\u00e8re, permet d\u2019obtenir d\u2019excellents r\u00e9sultats de cicatrisation.<\/p>\n<\/div>\n<\/div>\n\n\n\n<div class=\"wp-block-columns is-layout-flex wp-container-core-columns-is-layout-28f84493 wp-block-columns-is-layout-flex\">\n<div class=\"wp-block-column is-layout-flow wp-block-column-is-layout-flow\">\n<h3 class=\"wp-block-heading\">Exercices physiques<\/h3>\n\n\n\n<p>Pour aider \u00e0 muscler \/ \u00e9tirer \/ cicatriser, des exercices de r\u00e9\u00e9ducation fonctionnelle en utilisant des massages ou des mouvements passifs ou actifs sont propos\u00e9s. Apr\u00e8s la consultation, vous serez capable de prendre le relais, \u00e0 la maison, dans votre quotidien, selon un plan de suivi \u00e9tabli pour votre animal et sa pathologie.<\/p>\n<\/div>\n\n\n\n<div class=\"wp-block-column is-layout-flow wp-block-column-is-layout-flow\">\n<h3 class=\"wp-block-heading\">Alimentation<\/h3>\n\n\n\n<p>C\u2019est aussi l\u2019ensemble de l\u2019\u00e9quilibre nutritionnel de votre animal qui peut \u00eatre adapt\u00e9. Parfois, des compl\u00e9ments alimentaires ajout\u00e9s dans la ration de nourriture de votre animal aident \u00e0 retrouver l\u2019\u00e9quilibre de la sant\u00e9.<\/p>\n<\/div>\n<\/div>\n\n\n\n<p class=\"has-text-align-center\">Pour plus de d\u00e9tails sur le traitement naturel de votre chien, chat ou cheval, retrouvez-moi dans l\u2019interview faite dans Chat Alors!, sur CFM radio Rodez, par \u00c9meline Blanc-Gauthier \u2013 Comportementaliste F\u00e9lin 12 (avril 2021) <a href=\"https:\/\/www.cfmradio.fr\/lacupuncture-pour-animaux?fbclid=IwAR1UMCEc257WnkbEL0pATEQuKMtbFdVvZDsu1Eyarn2RvGV4xvpX0yxZhic\">https:\/\/www.cfmradio.fr\/lacupuncture-pour-animaux?fbclid=IwAR1UMCEc257WnkbEL0pATEQuKMtbFdVvZDsu1Eyarn2RvGV4xvpX0yxZhic<\/a><\/p>\n\n\n\n<p>Trouvez ici les soins propos\u00e9s par le cabinet v\u00e9t\u00e9rinaire: <a href=\"https:\/\/www.cbayol.fr\/\">SOINS<\/a><\/p>\n\n\n\n<figure class=\"wp-block-image size-large\"><img loading=\"lazy\" decoding=\"async\" width=\"683\" height=\"1024\" src=\"https:\/\/www.cbayol.fr\/wp-content\/uploads\/2021\/09\/Camille-Bayol-aiguille-du-soleil-683x1024.jpg\" alt=\"Camille Bayol aiguille du soleil\" class=\"wp-image-469\" srcset=\"https:\/\/www.cbayol.fr\/wp-content\/uploads\/2021\/09\/Camille-Bayol-aiguille-du-soleil-683x1024.jpg 683w, https:\/\/www.cbayol.fr\/wp-content\/uploads\/2021\/09\/Camille-Bayol-aiguille-du-soleil-200x300.jpg 200w, https:\/\/www.cbayol.fr\/wp-content\/uploads\/2021\/09\/Camille-Bayol-aiguille-du-soleil-768x1152.jpg 768w, https:\/\/www.cbayol.fr\/wp-content\/uploads\/2021\/09\/Camille-Bayol-aiguille-du-soleil-1024x1536.jpg 1024w, https:\/\/www.cbayol.fr\/wp-content\/uploads\/2021\/09\/Camille-Bayol-aiguille-du-soleil-1366x2048.jpg 1366w, https:\/\/www.cbayol.fr\/wp-content\/uploads\/2021\/09\/Camille-Bayol-aiguille-du-soleil-600x900.jpg 600w, https:\/\/www.cbayol.fr\/wp-content\/uploads\/2021\/09\/Camille-Bayol-aiguille-du-soleil-scaled.jpg 1707w\" sizes=\"auto, (max-width: 683px) 100vw, 683px\" \/><\/figure>\n","protected":false},"excerpt":{"rendered":"<p>En compl\u00e9ment de la m\u00e9decine v\u00e9t\u00e9rinaire conventionnelle, vous pouvez utiliser un traitement naturel pour votre chien, chat ou cheval. Pr\u00e9paration \u00e0 base de plantes Lors de la consultation de votre animal, je suis amen\u00e9e \u00e0 vous conseiller en phytoth\u00e9rapie. L\u2019avantage principal d\u2019utiliser une pr\u00e9paration magistrale de plantes est de pouvoir [&hellip;]<\/p>\n","protected":false},"author":1,"featured_media":0,"parent":0,"menu_order":0,"comment_status":"closed","ping_status":"closed","template":"","meta":{"footnotes":""},"class_list":["post-389","page","type-page","status-publish","hentry"],"yoast_head":"<!-- This site is optimized with the Yoast SEO plugin v24.8.1 - https:\/\/yoast.com\/wordpress\/plugins\/seo\/ -->\n<title>Traitement naturel pour chien, chat, cheval<\/title>\n<meta name=\"description\" content=\"Le traitement naturel de votre chien, chat et cheval. V\u00e9t\u00e9rinaire &amp; M\u00e9decine compl\u00e9mentaire : phytoth\u00e9rapie, gemmoth\u00e9rapie, massage...\" \/>\n<meta name=\"robots\" content=\"index, follow, max-snippet:-1, max-image-preview:large, max-video-preview:-1\" \/>\n<link rel=\"canonical\" href=\"https:\/\/www.cbayol.fr\/index.php\/traitements-naturels\/\" \/>\n<meta property=\"og:locale\" content=\"fr_FR\" \/>\n<meta property=\"og:type\" content=\"article\" \/>\n<meta property=\"og:title\" content=\"Traitement naturel pour chien, chat, cheval\" \/>\n<meta property=\"og:description\" content=\"Le traitement naturel de votre chien, chat et cheval. V\u00e9t\u00e9rinaire &amp; M\u00e9decine compl\u00e9mentaire : phytoth\u00e9rapie, gemmoth\u00e9rapie, massage...\" \/>\n<meta property=\"og:url\" content=\"https:\/\/www.cbayol.fr\/index.php\/traitements-naturels\/\" \/>\n<meta property=\"og:site_name\" content=\"V\u00e9t\u00e9rinaire &amp; M\u00e9decine compl\u00e9mentaire\" \/>\n<meta property=\"article:publisher\" content=\"https:\/\/www.facebook.com\/camillebayolveterinaire\/\" \/>\n<meta property=\"article:modified_time\" content=\"2026-04-07T12:53:09+00:00\" \/>\n<meta property=\"og:image\" content=\"https:\/\/www.cbayol.fr\/wp-content\/uploads\/2021\/09\/Camille-Bayol-aiguille-du-soleil-scaled.jpg\" \/>\n\t<meta property=\"og:image:width\" content=\"1707\" \/>\n\t<meta property=\"og:image:height\" content=\"2560\" \/>\n\t<meta property=\"og:image:type\" content=\"image\/jpeg\" \/>\n<meta name=\"twitter:card\" content=\"summary_large_image\" \/>\n<meta name=\"twitter:label1\" content=\"Dur\u00e9e de lecture estim\u00e9e\" \/>\n\t<meta name=\"twitter:data1\" content=\"2 minutes\" \/>\n<script type=\"application\/ld+json\" class=\"yoast-schema-graph\">{\"@context\":\"https:\/\/schema.org\",\"@graph\":[{\"@type\":\"WebPage\",\"@id\":\"https:\/\/www.cbayol.fr\/index.php\/traitements-naturels\/\",\"url\":\"https:\/\/www.cbayol.fr\/index.php\/traitements-naturels\/\",\"name\":\"Traitement naturel pour chien, chat, cheval\",\"isPartOf\":{\"@id\":\"https:\/\/www.cbayol.fr\/#website\"},\"primaryImageOfPage\":{\"@id\":\"https:\/\/www.cbayol.fr\/index.php\/traitements-naturels\/#primaryimage\"},\"image\":{\"@id\":\"https:\/\/www.cbayol.fr\/index.php\/traitements-naturels\/#primaryimage\"},\"thumbnailUrl\":\"https:\/\/www.cbayol.fr\/wp-content\/uploads\/2021\/09\/Camille-Bayol-aiguille-du-soleil-683x1024.jpg\",\"datePublished\":\"2021-03-10T19:53:59+00:00\",\"dateModified\":\"2026-04-07T12:53:09+00:00\",\"description\":\"Le traitement naturel de votre chien, chat et cheval. V\u00e9t\u00e9rinaire &amp; M\u00e9decine compl\u00e9mentaire : phytoth\u00e9rapie, gemmoth\u00e9rapie, massage...\",\"breadcrumb\":{\"@id\":\"https:\/\/www.cbayol.fr\/index.php\/traitements-naturels\/#breadcrumb\"},\"inLanguage\":\"fr-FR\",\"potentialAction\":[{\"@type\":\"ReadAction\",\"target\":[\"https:\/\/www.cbayol.fr\/index.php\/traitements-naturels\/\"]}]},{\"@type\":\"ImageObject\",\"inLanguage\":\"fr-FR\",\"@id\":\"https:\/\/www.cbayol.fr\/index.php\/traitements-naturels\/#primaryimage\",\"url\":\"https:\/\/www.cbayol.fr\/wp-content\/uploads\/2021\/09\/Camille-Bayol-aiguille-du-soleil-683x1024.jpg\",\"contentUrl\":\"https:\/\/www.cbayol.fr\/wp-content\/uploads\/2021\/09\/Camille-Bayol-aiguille-du-soleil-683x1024.jpg\"},{\"@type\":\"BreadcrumbList\",\"@id\":\"https:\/\/www.cbayol.fr\/index.php\/traitements-naturels\/#breadcrumb\",\"itemListElement\":[{\"@type\":\"ListItem\",\"position\":1,\"name\":\"Accueil\",\"item\":\"https:\/\/www.cbayol.fr\/\"},{\"@type\":\"ListItem\",\"position\":2,\"name\":\"Traitements naturels propos\u00e9s\"}]},{\"@type\":\"WebSite\",\"@id\":\"https:\/\/www.cbayol.fr\/#website\",\"url\":\"https:\/\/www.cbayol.fr\/\",\"name\":\"M\u00e9decine Compl\u00e9mentaire V\u00e9t\u00e9rinaire\",\"description\":\"Accompagner vers la pleine sant\u00e9.\",\"publisher\":{\"@id\":\"https:\/\/www.cbayol.fr\/#organization\"},\"potentialAction\":[{\"@type\":\"SearchAction\",\"target\":{\"@type\":\"EntryPoint\",\"urlTemplate\":\"https:\/\/www.cbayol.fr\/?s={search_term_string}\"},\"query-input\":{\"@type\":\"PropertyValueSpecification\",\"valueRequired\":true,\"valueName\":\"search_term_string\"}}],\"inLanguage\":\"fr-FR\"},{\"@type\":\"Organization\",\"@id\":\"https:\/\/www.cbayol.fr\/#organization\",\"name\":\"M\u00e9decine Compl\u00e9mentaire V\u00e9t\u00e9rinaire\",\"url\":\"https:\/\/www.cbayol.fr\/\",\"logo\":{\"@type\":\"ImageObject\",\"inLanguage\":\"fr-FR\",\"@id\":\"https:\/\/www.cbayol.fr\/#\/schema\/logo\/image\/\",\"url\":\"https:\/\/www.cbayol.fr\/wp-content\/uploads\/2019\/03\/aiguilles-acupuncture-chien-chat-1.png\",\"contentUrl\":\"https:\/\/www.cbayol.fr\/wp-content\/uploads\/2019\/03\/aiguilles-acupuncture-chien-chat-1.png\",\"width\":653,\"height\":478,\"caption\":\"M\u00e9decine Compl\u00e9mentaire V\u00e9t\u00e9rinaire\"},\"image\":{\"@id\":\"https:\/\/www.cbayol.fr\/#\/schema\/logo\/image\/\"},\"sameAs\":[\"https:\/\/www.facebook.com\/camillebayolveterinaire\/\"]}]}<\/script>\n<!-- \/ Yoast SEO plugin. -->","yoast_head_json":{"title":"Traitement naturel pour chien, chat, cheval","description":"Le traitement naturel de votre chien, chat et cheval. V\u00e9t\u00e9rinaire &amp; M\u00e9decine compl\u00e9mentaire : phytoth\u00e9rapie, gemmoth\u00e9rapie, massage...","robots":{"index":"index","follow":"follow","max-snippet":"max-snippet:-1","max-image-preview":"max-image-preview:large","max-video-preview":"max-video-preview:-1"},"canonical":"https:\/\/www.cbayol.fr\/index.php\/traitements-naturels\/","og_locale":"fr_FR","og_type":"article","og_title":"Traitement naturel pour chien, chat, cheval","og_description":"Le traitement naturel de votre chien, chat et cheval. V\u00e9t\u00e9rinaire &amp; M\u00e9decine compl\u00e9mentaire : phytoth\u00e9rapie, gemmoth\u00e9rapie, massage...","og_url":"https:\/\/www.cbayol.fr\/index.php\/traitements-naturels\/","og_site_name":"V\u00e9t\u00e9rinaire &amp; M\u00e9decine compl\u00e9mentaire","article_publisher":"https:\/\/www.facebook.com\/camillebayolveterinaire\/","article_modified_time":"2026-04-07T12:53:09+00:00","og_image":[{"width":1707,"height":2560,"url":"https:\/\/www.cbayol.fr\/wp-content\/uploads\/2021\/09\/Camille-Bayol-aiguille-du-soleil-scaled.jpg","type":"image\/jpeg"}],"twitter_card":"summary_large_image","twitter_misc":{"Dur\u00e9e de lecture estim\u00e9e":"2 minutes"},"schema":{"@context":"https:\/\/schema.org","@graph":[{"@type":"WebPage","@id":"https:\/\/www.cbayol.fr\/index.php\/traitements-naturels\/","url":"https:\/\/www.cbayol.fr\/index.php\/traitements-naturels\/","name":"Traitement naturel pour chien, chat, cheval","isPartOf":{"@id":"https:\/\/www.cbayol.fr\/#website"},"primaryImageOfPage":{"@id":"https:\/\/www.cbayol.fr\/index.php\/traitements-naturels\/#primaryimage"},"image":{"@id":"https:\/\/www.cbayol.fr\/index.php\/traitements-naturels\/#primaryimage"},"thumbnailUrl":"https:\/\/www.cbayol.fr\/wp-content\/uploads\/2021\/09\/Camille-Bayol-aiguille-du-soleil-683x1024.jpg","datePublished":"2021-03-10T19:53:59+00:00","dateModified":"2026-04-07T12:53:09+00:00","description":"Le traitement naturel de votre chien, chat et cheval. V\u00e9t\u00e9rinaire &amp; M\u00e9decine compl\u00e9mentaire : phytoth\u00e9rapie, gemmoth\u00e9rapie, massage...","breadcrumb":{"@id":"https:\/\/www.cbayol.fr\/index.php\/traitements-naturels\/#breadcrumb"},"inLanguage":"fr-FR","potentialAction":[{"@type":"ReadAction","target":["https:\/\/www.cbayol.fr\/index.php\/traitements-naturels\/"]}]},{"@type":"ImageObject","inLanguage":"fr-FR","@id":"https:\/\/www.cbayol.fr\/index.php\/traitements-naturels\/#primaryimage","url":"https:\/\/www.cbayol.fr\/wp-content\/uploads\/2021\/09\/Camille-Bayol-aiguille-du-soleil-683x1024.jpg","contentUrl":"https:\/\/www.cbayol.fr\/wp-content\/uploads\/2021\/09\/Camille-Bayol-aiguille-du-soleil-683x1024.jpg"},{"@type":"BreadcrumbList","@id":"https:\/\/www.cbayol.fr\/index.php\/traitements-naturels\/#breadcrumb","itemListElement":[{"@type":"ListItem","position":1,"name":"Accueil","item":"https:\/\/www.cbayol.fr\/"},{"@type":"ListItem","position":2,"name":"Traitements naturels propos\u00e9s"}]},{"@type":"WebSite","@id":"https:\/\/www.cbayol.fr\/#website","url":"https:\/\/www.cbayol.fr\/","name":"M\u00e9decine Compl\u00e9mentaire V\u00e9t\u00e9rinaire","description":"Accompagner vers la pleine sant\u00e9.","publisher":{"@id":"https:\/\/www.cbayol.fr\/#organization"},"potentialAction":[{"@type":"SearchAction","target":{"@type":"EntryPoint","urlTemplate":"https:\/\/www.cbayol.fr\/?s={search_term_string}"},"query-input":{"@type":"PropertyValueSpecification","valueRequired":true,"valueName":"search_term_string"}}],"inLanguage":"fr-FR"},{"@type":"Organization","@id":"https:\/\/www.cbayol.fr\/#organization","name":"M\u00e9decine Compl\u00e9mentaire V\u00e9t\u00e9rinaire","url":"https:\/\/www.cbayol.fr\/","logo":{"@type":"ImageObject","inLanguage":"fr-FR","@id":"https:\/\/www.cbayol.fr\/#\/schema\/logo\/image\/","url":"https:\/\/www.cbayol.fr\/wp-content\/uploads\/2019\/03\/aiguilles-acupuncture-chien-chat-1.png","contentUrl":"https:\/\/www.cbayol.fr\/wp-content\/uploads\/2019\/03\/aiguilles-acupuncture-chien-chat-1.png","width":653,"height":478,"caption":"M\u00e9decine Compl\u00e9mentaire V\u00e9t\u00e9rinaire"},"image":{"@id":"https:\/\/www.cbayol.fr\/#\/schema\/logo\/image\/"},"sameAs":["https:\/\/www.facebook.com\/camillebayolveterinaire\/"]}]}},"_links":{"self":[{"href":"https:\/\/www.cbayol.fr\/index.php\/wp-json\/wp\/v2\/pages\/389","targetHints":{"allow":["GET"]}}],"collection":[{"href":"https:\/\/www.cbayol.fr\/index.php\/wp-json\/wp\/v2\/pages"}],"about":[{"href":"https:\/\/www.cbayol.fr\/index.php\/wp-json\/wp\/v2\/types\/page"}],"author":[{"embeddable":true,"href":"https:\/\/www.cbayol.fr\/index.php\/wp-json\/wp\/v2\/users\/1"}],"replies":[{"embeddable":true,"href":"https:\/\/www.cbayol.fr\/index.php\/wp-json\/wp\/v2\/comments?post=389"}],"version-history":[{"count":12,"href":"https:\/\/www.cbayol.fr\/index.php\/wp-json\/wp\/v2\/pages\/389\/revisions"}],"predecessor-version":[{"id":963,"href":"https:\/\/www.cbayol.fr\/index.php\/wp-json\/wp\/v2\/pages\/389\/revisions\/963"}],"wp:attachment":[{"href":"https:\/\/www.cbayol.fr\/index.php\/wp-json\/wp\/v2\/media?parent=389"}],"curies":[{"name":"wp","href":"https:\/\/api.w.org\/{rel}","templated":true}]}}