{"id":35,"date":"2019-03-14T16:10:21","date_gmt":"2019-03-14T16:10:21","guid":{"rendered":"https:\/\/vetoyinyang.wordpress.com\/?page_id=35"},"modified":"2026-04-07T12:48:02","modified_gmt":"2026-04-07T12:48:02","slug":"indications-bayol-veterinaire","status":"publish","type":"page","link":"https:\/\/www.cbayol.fr\/index.php\/indications-bayol-veterinaire\/","title":{"rendered":"Quand pr\u00e9senter son chien ou son chat en consultation"},"content":{"rendered":"\n<p>Quelle est l&rsquo;efficacit\u00e9 de l&rsquo;acupuncture en m\u00e9decine v\u00e9t\u00e9rinaire ?<\/p>\n\n\n\n<p>L&rsquo;acupuncture a montr\u00e9 son efficacit\u00e9 scientifique dans 111 pathologies en sant\u00e9 humaine.<\/p>\n\n\n\n<figure class=\"wp-block-embed is-type-video is-provider-youtube wp-block-embed-youtube wp-embed-aspect-16-9 wp-has-aspect-ratio\"><div class=\"wp-block-embed__wrapper\">\n<iframe loading=\"lazy\" title=\"Motifs de consultation en acupuncture pour chien et chat\" width=\"750\" height=\"422\" src=\"https:\/\/www.youtube.com\/embed\/CwDaMoYFXC0?feature=oembed\" frameborder=\"0\" allow=\"accelerometer; autoplay; clipboard-write; encrypted-media; gyroscope; picture-in-picture; web-share\" referrerpolicy=\"strict-origin-when-cross-origin\" allowfullscreen><\/iframe>\n<\/div><\/figure>\n\n\n\n<p>Affections digestives :<\/p>\n\n\n\n<div class=\"wp-block-columns has-2-columns is-layout-flex wp-container-core-columns-is-layout-28f84493 wp-block-columns-is-layout-flex\">\n<div class=\"wp-block-column is-layout-flow wp-block-column-is-layout-flow\">\n<ul class=\"wp-block-list\">\n<li>Stomatite<\/li>\n\n\n\n<li>Pharyngite<\/li>\n\n\n\n<li>M\u00e9ga-oesophage<\/li>\n\n\n\n<li>Prolapsus rectal<\/li>\n\n\n\n<li>Insuffisance pancr\u00e9atique<\/li>\n\n\n\n<li>Diarrh\u00e9es<\/li>\n\n\n\n<li>Vomissements<\/li>\n<\/ul>\n<\/div>\n\n\n\n<div class=\"wp-block-column is-layout-flow wp-block-column-is-layout-flow\">\n<ul class=\"wp-block-list\">\n<li>Gastrite<\/li>\n\n\n\n<li>Ent\u00e9rite<\/li>\n\n\n\n<li>Gastro-ent\u00e9rite<\/li>\n\n\n\n<li>Affections des glandes anales<\/li>\n\n\n\n<li>Calculs biliaires<\/li>\n\n\n\n<li>Ballonnements<\/li>\n\n\n\n<li>Anorexie<\/li>\n\n\n\n<li>M\u00e9gac\u00f4lon<\/li>\n<\/ul>\n<\/div>\n<\/div>\n\n\n\n<p>Affections urinaires :<\/p>\n\n\n\n<div class=\"wp-block-columns has-2-columns is-layout-flex wp-container-core-columns-is-layout-28f84493 wp-block-columns-is-layout-flex\">\n<div class=\"wp-block-column is-layout-flow wp-block-column-is-layout-flow\">\n<ul class=\"wp-block-list\">\n<li>N\u00e9phrite<\/li>\n\n\n\n<li>Insuffisance r\u00e9nale<\/li>\n<\/ul>\n<\/div>\n\n\n\n<div class=\"wp-block-column is-layout-flow wp-block-column-is-layout-flow\">\n<ul class=\"wp-block-list\">\n<li>Cystite<\/li>\n\n\n\n<li>Incontinence urinaire<\/li>\n<\/ul>\n<\/div>\n<\/div>\n\n\n\n<p>Affections li\u00e9es \u00e0 la reproduction :<\/p>\n\n\n\n<div class=\"wp-block-columns has-2-columns is-layout-flex wp-container-core-columns-is-layout-28f84493 wp-block-columns-is-layout-flex\">\n<div class=\"wp-block-column is-layout-flow wp-block-column-is-layout-flow\">\n<ul class=\"wp-block-list\">\n<li>Priapisme<\/li>\n<\/ul>\n<\/div>\n\n\n\n<div class=\"wp-block-column is-layout-flow wp-block-column-is-layout-flow\">\n<ul class=\"wp-block-list\">\n<li>Lactation nerveuse<\/li>\n<\/ul>\n<\/div>\n<\/div>\n\n\n\n<p>Affections respiratoires :<\/p>\n\n\n\n<div class=\"wp-block-columns has-2-columns is-layout-flex wp-container-core-columns-is-layout-28f84493 wp-block-columns-is-layout-flex\">\n<div class=\"wp-block-column is-layout-flow wp-block-column-is-layout-flow\">\n<ul class=\"wp-block-list\">\n<li>\u00c9pistaxis<\/li>\n\n\n\n<li>Coryza<\/li>\n\n\n\n<li>Trach\u00e9ite<\/li>\n<\/ul>\n<\/div>\n\n\n\n<div class=\"wp-block-column is-layout-flow wp-block-column-is-layout-flow\">\n<ul class=\"wp-block-list\">\n<li>Bronchite<\/li>\n\n\n\n<li>Asthme<\/li>\n\n\n\n<li>Pleur\u00e9sie<\/li>\n\n\n\n<li>\u0152d\u00e8me pulmonaire<\/li>\n<\/ul>\n<\/div>\n<\/div>\n\n\n\n<p>Affections cutan\u00e9es :<\/p>\n\n\n\n<div class=\"wp-block-columns has-2-columns is-layout-flex wp-container-core-columns-is-layout-28f84493 wp-block-columns-is-layout-flex\">\n<div class=\"wp-block-column is-layout-flow wp-block-column-is-layout-flow\">\n<ul class=\"wp-block-list\">\n<li>Ecz\u00e9ma<\/li>\n<\/ul>\n<\/div>\n\n\n\n<div class=\"wp-block-column is-layout-flow wp-block-column-is-layout-flow\">\n<ul class=\"wp-block-list\">\n<li>Alop\u00e9cie<\/li>\n\n\n\n<li>Otite<\/li>\n<\/ul>\n<\/div>\n<\/div>\n\n\n\n<p>Affections vasculaires :<\/p>\n\n\n\n<div class=\"wp-block-columns has-2-columns is-layout-flex wp-container-core-columns-is-layout-28f84493 wp-block-columns-is-layout-flex\">\n<div class=\"wp-block-column is-layout-flow wp-block-column-is-layout-flow\">\n<ul class=\"wp-block-list\">\n<li>Hypertension \/ Hypotension<\/li>\n<\/ul>\n<\/div>\n\n\n\n<div class=\"wp-block-column is-layout-flow wp-block-column-is-layout-flow\">\n<ul class=\"wp-block-list\">\n<li>Insuffisance cardiaque<\/li>\n<\/ul>\n<\/div>\n<\/div>\n\n\n\n<p>Affections nerveuses :<\/p>\n\n\n\n<div class=\"wp-block-columns has-2-columns is-layout-flex wp-container-core-columns-is-layout-28f84493 wp-block-columns-is-layout-flex\">\n<div class=\"wp-block-column is-layout-flow wp-block-column-is-layout-flow\">\n<ul class=\"wp-block-list\">\n<li>\u00c9pilepsie<\/li>\n\n\n\n<li>Paralysie<\/li>\n<\/ul>\n<\/div>\n\n\n\n<div class=\"wp-block-column is-layout-flow wp-block-column-is-layout-flow\">\n<ul class=\"wp-block-list\">\n<li>Tremblements<\/li>\n\n\n\n<li>Mal des transports<\/li>\n\n\n\n<li>Diab\u00e8te<\/li>\n<\/ul>\n<\/div>\n<\/div>\n\n\n\n<p>Affections de l\u2019appareil locomoteur :<\/p>\n\n\n\n<div class=\"wp-block-columns has-2-columns is-layout-flex wp-container-core-columns-is-layout-28f84493 wp-block-columns-is-layout-flex\">\n<div class=\"wp-block-column is-layout-flow wp-block-column-is-layout-flow\">\n<ul class=\"wp-block-list\">\n<li>Hernie discale<\/li>\n\n\n\n<li>Arthrose<\/li>\n\n\n\n<li>Arthrite<\/li>\n\n\n\n<li>Tendinites<\/li>\n<\/ul>\n<\/div>\n\n\n\n<div class=\"wp-block-column is-layout-flow wp-block-column-is-layout-flow\">\n<ul class=\"wp-block-list\">\n<li>Entorse<\/li>\n\n\n\n<li>Synovite<\/li>\n\n\n\n<li>Par\u00e9sie<\/li>\n\n\n\n<li>Contractures<\/li>\n<\/ul>\n<\/div>\n<\/div>\n\n\n\n<p>Atteintes climatiques par le froid ou le chaud<\/p>\n\n\n<div class=\"wp-block-image\">\n<figure class=\"aligncenter size-large\"><img loading=\"lazy\" decoding=\"async\" width=\"1024\" height=\"677\" src=\"https:\/\/www.cbayol.fr\/wp-content\/uploads\/2019\/03\/Camille-Bayol-point-VG20-1024x677.png\" alt=\"Camille Bayol point VG20\" class=\"wp-image-196\" srcset=\"https:\/\/www.cbayol.fr\/wp-content\/uploads\/2019\/03\/Camille-Bayol-point-VG20-1024x677.png 1024w, https:\/\/www.cbayol.fr\/wp-content\/uploads\/2019\/03\/Camille-Bayol-point-VG20-600x397.png 600w, https:\/\/www.cbayol.fr\/wp-content\/uploads\/2019\/03\/Camille-Bayol-point-VG20-300x198.png 300w, https:\/\/www.cbayol.fr\/wp-content\/uploads\/2019\/03\/Camille-Bayol-point-VG20-768x508.png 768w, https:\/\/www.cbayol.fr\/wp-content\/uploads\/2019\/03\/Camille-Bayol-point-VG20.png 1150w\" sizes=\"auto, (max-width: 1024px) 100vw, 1024px\" \/><figcaption class=\"wp-element-caption\">Camille Bayol qui travaille le point VG20<\/figcaption><\/figure><\/div>\n\n\n<p>La recherche scientifique est prolifique au sujet de l&rsquo;acupuncture, au niveau mondial, avec des partenariats internationaux. C&rsquo;est un domaine passionnant, tr\u00e8s riche en d\u00e9couvertes sur les m\u00e9canismes au niveau mol\u00e9culaire, cellulaire et organique qui soutiennent l&rsquo;efficacit\u00e9 plurimill\u00e9naire de la M\u00e9decine Traditionnelle Chinoise. Ces \u00e9tudes scientifiques comparent souvent un traitement d&rsquo;acupuncture standard \u00e0 une acupuncture \u00ab\u00a0factice\u00a0\u00bb, c&rsquo;est-\u00e0-dire \u00e0 l&rsquo;utilisation d&rsquo;aiguilles sans recherche de traitement. Il y a \u00e9galement des recherches plus fondamentales dirig\u00e9es \u00e0 partir de mod\u00e8les <em>in vitro<\/em> ou <em>in vivo<\/em> permettant de mettre en \u00e9vidence les voies et les trajets utilis\u00e9s par les points d&rsquo;acupuncture.<\/p>\n\n\n\n<p>Voici une br\u00e8ve chronique \u00e0 ce sujet : <a href=\"https:\/\/www.franceculture.fr\/sciences\/lacupuncture-est-elle-efficace#:~:text=Oui%2C%20il%20y%20a%20de,patients%20en%20chimioth%C3%A9rapie%20par%20exemple.\" target=\"_blank\" rel=\"noreferrer noopener\">https:\/\/www.franceculture.fr\/sciences\/lacupuncture-est-elle-efficace#:~:text=Oui%2C%20il%20y%20a%20de,patients%20en%20chimioth%C3%A9rapie%20par%20exemple.<\/a><\/p>\n\n\n\n<p>Trouvez ici les soins propos\u00e9s par le cabinet v\u00e9t\u00e9rinaire&nbsp;: <a href=\"https:\/\/www.cbayol.fr\/\">SOINS<\/a><\/p>\n\n\n\n<p>Pour une d\u00e9finition g\u00e9n\u00e9rale de l&rsquo;acupuncture : <a href=\"https:\/\/fr.wikipedia.org\/wiki\/Acupuncture\" target=\"_blank\" rel=\"noreferrer noopener\">c&rsquo;est ici\u202f!<\/a><\/p>\n","protected":false},"excerpt":{"rendered":"<p>Quelles sont les maladies qui peuvent r\u00e9pondre au traitement par acupuncture?<\/p>\n","protected":false},"author":2,"featured_media":0,"parent":0,"menu_order":0,"comment_status":"closed","ping_status":"closed","template":"","meta":{"footnotes":""},"class_list":["post-35","page","type-page","status-publish","hentry"],"yoast_head":"<!-- This site is optimized with the Yoast SEO plugin v24.8.1 - https:\/\/yoast.com\/wordpress\/plugins\/seo\/ -->\n<title>Quelle efficacit\u00e9 pour l&#039;acupuncture?<\/title>\n<meta name=\"description\" content=\"Retrouvez l&#039;efficacit\u00e9 de l&#039;acupuncture pour votre chien, chat et cheval en cas d&#039;atopie, de diab\u00e8te, d&#039;incontinence, de lactation, d&#039;hernie discale, d&#039;arthrose, d&#039;\u00e9pilepsie, de paralysie Quand pr\u00e9senter son chien ou son chat en consultation\" \/>\n<meta name=\"robots\" content=\"index, follow, max-snippet:-1, max-image-preview:large, max-video-preview:-1\" \/>\n<link rel=\"canonical\" href=\"https:\/\/www.cbayol.fr\/index.php\/indications-bayol-veterinaire\/\" \/>\n<meta property=\"og:locale\" content=\"fr_FR\" \/>\n<meta property=\"og:type\" content=\"article\" \/>\n<meta property=\"og:title\" content=\"Quelle efficacit\u00e9 pour l&#039;acupuncture?\" \/>\n<meta property=\"og:description\" content=\"Retrouvez l&#039;efficacit\u00e9 de l&#039;acupuncture pour votre chien, chat et cheval en cas d&#039;atopie, de diab\u00e8te, d&#039;incontinence, de lactation, d&#039;hernie discale, d&#039;arthrose, d&#039;\u00e9pilepsie, de paralysie Quand pr\u00e9senter son chien ou son chat en consultation\" \/>\n<meta property=\"og:url\" content=\"https:\/\/www.cbayol.fr\/index.php\/indications-bayol-veterinaire\/\" \/>\n<meta property=\"og:site_name\" content=\"V\u00e9t\u00e9rinaire &amp; M\u00e9decine compl\u00e9mentaire\" \/>\n<meta property=\"article:publisher\" content=\"https:\/\/www.facebook.com\/camillebayolveterinaire\/\" \/>\n<meta property=\"article:modified_time\" content=\"2026-04-07T12:48:02+00:00\" \/>\n<meta property=\"og:image\" content=\"https:\/\/www.cbayol.fr\/wp-content\/uploads\/2019\/03\/Camille-Bayol-point-VG20.png\" \/>\n\t<meta property=\"og:image:width\" content=\"1150\" \/>\n\t<meta property=\"og:image:height\" content=\"760\" \/>\n\t<meta property=\"og:image:type\" content=\"image\/png\" \/>\n<meta name=\"twitter:card\" content=\"summary_large_image\" \/>\n<meta name=\"twitter:label1\" content=\"Dur\u00e9e de lecture estim\u00e9e\" \/>\n\t<meta name=\"twitter:data1\" content=\"2 minutes\" \/>\n<script type=\"application\/ld+json\" class=\"yoast-schema-graph\">{\"@context\":\"https:\/\/schema.org\",\"@graph\":[{\"@type\":[\"WebPage\",\"MedicalWebPage\"],\"@id\":\"https:\/\/www.cbayol.fr\/index.php\/indications-bayol-veterinaire\/\",\"url\":\"https:\/\/www.cbayol.fr\/index.php\/indications-bayol-veterinaire\/\",\"name\":\"Quelle efficacit\u00e9 pour l'acupuncture?\",\"isPartOf\":{\"@id\":\"https:\/\/www.cbayol.fr\/#website\"},\"primaryImageOfPage\":{\"@id\":\"https:\/\/www.cbayol.fr\/index.php\/indications-bayol-veterinaire\/#primaryimage\"},\"image\":{\"@id\":\"https:\/\/www.cbayol.fr\/index.php\/indications-bayol-veterinaire\/#primaryimage\"},\"thumbnailUrl\":\"https:\/\/www.cbayol.fr\/wp-content\/uploads\/2019\/03\/Camille-Bayol-point-VG20-1024x677.png\",\"datePublished\":\"2019-03-14T16:10:21+00:00\",\"dateModified\":\"2026-04-07T12:48:02+00:00\",\"description\":\"Retrouvez l'efficacit\u00e9 de l'acupuncture pour votre chien, chat et cheval en cas d'atopie, de diab\u00e8te, d'incontinence, de lactation, d'hernie discale, d'arthrose, d'\u00e9pilepsie, de paralysie Quand pr\u00e9senter son chien ou son chat en consultation\",\"breadcrumb\":{\"@id\":\"https:\/\/www.cbayol.fr\/index.php\/indications-bayol-veterinaire\/#breadcrumb\"},\"inLanguage\":\"fr-FR\",\"potentialAction\":[{\"@type\":\"ReadAction\",\"target\":[\"https:\/\/www.cbayol.fr\/index.php\/indications-bayol-veterinaire\/\"]}]},{\"@type\":\"ImageObject\",\"inLanguage\":\"fr-FR\",\"@id\":\"https:\/\/www.cbayol.fr\/index.php\/indications-bayol-veterinaire\/#primaryimage\",\"url\":\"https:\/\/www.cbayol.fr\/wp-content\/uploads\/2019\/03\/Camille-Bayol-point-VG20.png\",\"contentUrl\":\"https:\/\/www.cbayol.fr\/wp-content\/uploads\/2019\/03\/Camille-Bayol-point-VG20.png\",\"width\":1150,\"height\":760,\"caption\":\"Pour soulager l'arthrose, la paralysie, la toux, l'ob\u00e9sit\u00e9, l'insuffisance cardiaque, la pancr\u00e9atite...\"},{\"@type\":\"BreadcrumbList\",\"@id\":\"https:\/\/www.cbayol.fr\/index.php\/indications-bayol-veterinaire\/#breadcrumb\",\"itemListElement\":[{\"@type\":\"ListItem\",\"position\":1,\"name\":\"Accueil\",\"item\":\"https:\/\/www.cbayol.fr\/\"},{\"@type\":\"ListItem\",\"position\":2,\"name\":\"Quand pr\u00e9senter son chien ou son chat en consultation\"}]},{\"@type\":\"WebSite\",\"@id\":\"https:\/\/www.cbayol.fr\/#website\",\"url\":\"https:\/\/www.cbayol.fr\/\",\"name\":\"M\u00e9decine Compl\u00e9mentaire V\u00e9t\u00e9rinaire\",\"description\":\"Accompagner vers la pleine sant\u00e9.\",\"publisher\":{\"@id\":\"https:\/\/www.cbayol.fr\/#organization\"},\"potentialAction\":[{\"@type\":\"SearchAction\",\"target\":{\"@type\":\"EntryPoint\",\"urlTemplate\":\"https:\/\/www.cbayol.fr\/?s={search_term_string}\"},\"query-input\":{\"@type\":\"PropertyValueSpecification\",\"valueRequired\":true,\"valueName\":\"search_term_string\"}}],\"inLanguage\":\"fr-FR\"},{\"@type\":\"Organization\",\"@id\":\"https:\/\/www.cbayol.fr\/#organization\",\"name\":\"M\u00e9decine Compl\u00e9mentaire V\u00e9t\u00e9rinaire\",\"url\":\"https:\/\/www.cbayol.fr\/\",\"logo\":{\"@type\":\"ImageObject\",\"inLanguage\":\"fr-FR\",\"@id\":\"https:\/\/www.cbayol.fr\/#\/schema\/logo\/image\/\",\"url\":\"https:\/\/www.cbayol.fr\/wp-content\/uploads\/2019\/03\/aiguilles-acupuncture-chien-chat-1.png\",\"contentUrl\":\"https:\/\/www.cbayol.fr\/wp-content\/uploads\/2019\/03\/aiguilles-acupuncture-chien-chat-1.png\",\"width\":653,\"height\":478,\"caption\":\"M\u00e9decine Compl\u00e9mentaire V\u00e9t\u00e9rinaire\"},\"image\":{\"@id\":\"https:\/\/www.cbayol.fr\/#\/schema\/logo\/image\/\"},\"sameAs\":[\"https:\/\/www.facebook.com\/camillebayolveterinaire\/\"]}]}<\/script>\n<!-- \/ Yoast SEO plugin. -->","yoast_head_json":{"title":"Quelle efficacit\u00e9 pour l'acupuncture?","description":"Retrouvez l'efficacit\u00e9 de l'acupuncture pour votre chien, chat et cheval en cas d'atopie, de diab\u00e8te, d'incontinence, de lactation, d'hernie discale, d'arthrose, d'\u00e9pilepsie, de paralysie Quand pr\u00e9senter son chien ou son chat en consultation","robots":{"index":"index","follow":"follow","max-snippet":"max-snippet:-1","max-image-preview":"max-image-preview:large","max-video-preview":"max-video-preview:-1"},"canonical":"https:\/\/www.cbayol.fr\/index.php\/indications-bayol-veterinaire\/","og_locale":"fr_FR","og_type":"article","og_title":"Quelle efficacit\u00e9 pour l'acupuncture?","og_description":"Retrouvez l'efficacit\u00e9 de l'acupuncture pour votre chien, chat et cheval en cas d'atopie, de diab\u00e8te, d'incontinence, de lactation, d'hernie discale, d'arthrose, d'\u00e9pilepsie, de paralysie Quand pr\u00e9senter son chien ou son chat en consultation","og_url":"https:\/\/www.cbayol.fr\/index.php\/indications-bayol-veterinaire\/","og_site_name":"V\u00e9t\u00e9rinaire &amp; M\u00e9decine compl\u00e9mentaire","article_publisher":"https:\/\/www.facebook.com\/camillebayolveterinaire\/","article_modified_time":"2026-04-07T12:48:02+00:00","og_image":[{"width":1150,"height":760,"url":"https:\/\/www.cbayol.fr\/wp-content\/uploads\/2019\/03\/Camille-Bayol-point-VG20.png","type":"image\/png"}],"twitter_card":"summary_large_image","twitter_misc":{"Dur\u00e9e de lecture estim\u00e9e":"2 minutes"},"schema":{"@context":"https:\/\/schema.org","@graph":[{"@type":["WebPage","MedicalWebPage"],"@id":"https:\/\/www.cbayol.fr\/index.php\/indications-bayol-veterinaire\/","url":"https:\/\/www.cbayol.fr\/index.php\/indications-bayol-veterinaire\/","name":"Quelle efficacit\u00e9 pour l'acupuncture?","isPartOf":{"@id":"https:\/\/www.cbayol.fr\/#website"},"primaryImageOfPage":{"@id":"https:\/\/www.cbayol.fr\/index.php\/indications-bayol-veterinaire\/#primaryimage"},"image":{"@id":"https:\/\/www.cbayol.fr\/index.php\/indications-bayol-veterinaire\/#primaryimage"},"thumbnailUrl":"https:\/\/www.cbayol.fr\/wp-content\/uploads\/2019\/03\/Camille-Bayol-point-VG20-1024x677.png","datePublished":"2019-03-14T16:10:21+00:00","dateModified":"2026-04-07T12:48:02+00:00","description":"Retrouvez l'efficacit\u00e9 de l'acupuncture pour votre chien, chat et cheval en cas d'atopie, de diab\u00e8te, d'incontinence, de lactation, d'hernie discale, d'arthrose, d'\u00e9pilepsie, de paralysie Quand pr\u00e9senter son chien ou son chat en consultation","breadcrumb":{"@id":"https:\/\/www.cbayol.fr\/index.php\/indications-bayol-veterinaire\/#breadcrumb"},"inLanguage":"fr-FR","potentialAction":[{"@type":"ReadAction","target":["https:\/\/www.cbayol.fr\/index.php\/indications-bayol-veterinaire\/"]}]},{"@type":"ImageObject","inLanguage":"fr-FR","@id":"https:\/\/www.cbayol.fr\/index.php\/indications-bayol-veterinaire\/#primaryimage","url":"https:\/\/www.cbayol.fr\/wp-content\/uploads\/2019\/03\/Camille-Bayol-point-VG20.png","contentUrl":"https:\/\/www.cbayol.fr\/wp-content\/uploads\/2019\/03\/Camille-Bayol-point-VG20.png","width":1150,"height":760,"caption":"Pour soulager l'arthrose, la paralysie, la toux, l'ob\u00e9sit\u00e9, l'insuffisance cardiaque, la pancr\u00e9atite..."},{"@type":"BreadcrumbList","@id":"https:\/\/www.cbayol.fr\/index.php\/indications-bayol-veterinaire\/#breadcrumb","itemListElement":[{"@type":"ListItem","position":1,"name":"Accueil","item":"https:\/\/www.cbayol.fr\/"},{"@type":"ListItem","position":2,"name":"Quand pr\u00e9senter son chien ou son chat en consultation"}]},{"@type":"WebSite","@id":"https:\/\/www.cbayol.fr\/#website","url":"https:\/\/www.cbayol.fr\/","name":"M\u00e9decine Compl\u00e9mentaire V\u00e9t\u00e9rinaire","description":"Accompagner vers la pleine sant\u00e9.","publisher":{"@id":"https:\/\/www.cbayol.fr\/#organization"},"potentialAction":[{"@type":"SearchAction","target":{"@type":"EntryPoint","urlTemplate":"https:\/\/www.cbayol.fr\/?s={search_term_string}"},"query-input":{"@type":"PropertyValueSpecification","valueRequired":true,"valueName":"search_term_string"}}],"inLanguage":"fr-FR"},{"@type":"Organization","@id":"https:\/\/www.cbayol.fr\/#organization","name":"M\u00e9decine Compl\u00e9mentaire V\u00e9t\u00e9rinaire","url":"https:\/\/www.cbayol.fr\/","logo":{"@type":"ImageObject","inLanguage":"fr-FR","@id":"https:\/\/www.cbayol.fr\/#\/schema\/logo\/image\/","url":"https:\/\/www.cbayol.fr\/wp-content\/uploads\/2019\/03\/aiguilles-acupuncture-chien-chat-1.png","contentUrl":"https:\/\/www.cbayol.fr\/wp-content\/uploads\/2019\/03\/aiguilles-acupuncture-chien-chat-1.png","width":653,"height":478,"caption":"M\u00e9decine Compl\u00e9mentaire V\u00e9t\u00e9rinaire"},"image":{"@id":"https:\/\/www.cbayol.fr\/#\/schema\/logo\/image\/"},"sameAs":["https:\/\/www.facebook.com\/camillebayolveterinaire\/"]}]}},"_links":{"self":[{"href":"https:\/\/www.cbayol.fr\/index.php\/wp-json\/wp\/v2\/pages\/35","targetHints":{"allow":["GET"]}}],"collection":[{"href":"https:\/\/www.cbayol.fr\/index.php\/wp-json\/wp\/v2\/pages"}],"about":[{"href":"https:\/\/www.cbayol.fr\/index.php\/wp-json\/wp\/v2\/types\/page"}],"author":[{"embeddable":true,"href":"https:\/\/www.cbayol.fr\/index.php\/wp-json\/wp\/v2\/users\/2"}],"replies":[{"embeddable":true,"href":"https:\/\/www.cbayol.fr\/index.php\/wp-json\/wp\/v2\/comments?post=35"}],"version-history":[{"count":16,"href":"https:\/\/www.cbayol.fr\/index.php\/wp-json\/wp\/v2\/pages\/35\/revisions"}],"predecessor-version":[{"id":1000,"href":"https:\/\/www.cbayol.fr\/index.php\/wp-json\/wp\/v2\/pages\/35\/revisions\/1000"}],"wp:attachment":[{"href":"https:\/\/www.cbayol.fr\/index.php\/wp-json\/wp\/v2\/media?parent=35"}],"curies":[{"name":"wp","href":"https:\/\/api.w.org\/{rel}","templated":true}]}}