{"id":33,"date":"2021-11-15T12:35:38","date_gmt":"2021-11-15T12:35:38","guid":{"rendered":"https:\/\/vetoyinyang.wordpress.com\/?page_id=33"},"modified":"2026-04-07T12:45:02","modified_gmt":"2026-04-07T12:45:02","slug":"partenaires-acupuncture-bayol","status":"publish","type":"page","link":"https:\/\/www.cbayol.fr\/index.php\/partenaires-acupuncture-bayol\/","title":{"rendered":"Les partenaires en sant\u00e9 naturelle"},"content":{"rendered":"\n<hr class=\"wp-block-separator has-css-opacity\"\/>\n\n\n\n<p class=\"has-text-align-left\">Les partenaires avec des approches diff\u00e9rentes et associ\u00e9es \u00e0 cette sant\u00e9 naturelle&nbsp;:<\/p>\n\n\n\n<p class=\"has-text-align-right\">Le comportement du chat avec \u00c9meline Blanc-Gauthier (<a href=\"http:\/\/comportementalistefelin.com\/\" target=\"_blank\" rel=\"noreferrer noopener\">http:\/\/comportementalistefelin.com\/<\/a>)<\/p>\n\n\n\n<p class=\"has-text-align-right\">Ou L\u2019\u00e9ducation du chien avec Joanna Torres (<a href=\"https:\/\/www.joanna-torres.fr\/\" target=\"_blank\" rel=\"noreferrer noopener\">https:\/\/www.joanna-torres.fr\/<\/a>)<\/p>\n\n\n\n<p class=\"has-text-align-right\">Et L\u2019approche de coaching canin d\u2019\u00c9milie Portales (<a href=\"https:\/\/www.em-otions-animales.fr\/)\" target=\"_blank\" rel=\"noreferrer noopener\">https:\/\/www.em-otions-animales.fr\/)<\/a><\/p>\n\n\n\n<hr class=\"wp-block-separator has-css-opacity\"\/>\n\n\n\n<p class=\"has-text-align-left\">Certains des laboratoires partenaires :<\/p>\n\n\n\n<p class=\"has-text-align-right\"> La phytoth\u00e9rapie d\u2019Ergyvet (<a href=\"https:\/\/ergyvet.fr\" target=\"_blank\" rel=\"noreferrer noopener\">https:\/\/ergyvet.fr<\/a>)<\/p>\n\n\n\n<p class=\"has-text-align-right\">Et la phytoth\u00e9rapie de Greenvet (<a href=\"https:\/\/www.greenvet.fr\/\" target=\"_blank\" rel=\"noreferrer noopener\">https:\/\/www.greenvet.fr\/<\/a>)<\/p>\n\n\n\n<p class=\"has-text-align-right\">Aussi La micronutrition du Laboratoire Herbolistique (<a href=\"https:\/\/www.herbolistique.com\/\" target=\"_blank\" rel=\"noreferrer noopener\">https:\/\/www.herbolistique.com\/<\/a>)<\/p>\n\n\n\n<hr class=\"wp-block-separator has-css-opacity\"\/>\n\n\n\n<p class=\"has-text-align-right\">La sellerie artisanale (cr\u00e9ations \u00e9quines et canines sur mesure, maroquinerie, r\u00e9parations\u00a0<a href=\"https:\/\/atelier-alhena.com\/\" target=\"_blank\" rel=\"noreferrer noopener\">https:\/\/atelier-alhena.com\/<\/a>) pour des harnais adapt\u00e9s \u00e0 vos chiens et chats.<\/p>\n\n\n\n<hr class=\"wp-block-separator has-css-opacity\"\/>\n\n\n\n<p class=\"has-text-align-left\">Les photographes partenaires :<\/p>\n\n\n\n<p class=\"has-text-align-right\">Et Merci \u00e0 Confiture&amp;Co pour les photographies avec les chiennes : <a href=\"http:\/\/www.confitureandco.com\/\" target=\"_blank\" rel=\"noreferrer noopener\">http:\/\/www.confitureandco.com<\/a><\/p>\n\n\n\n<p class=\"has-text-align-right\">Et aussi, Merci \u00e0 Olivier : <a href=\"https:\/\/www.magnificence-studio.fr\/\" target=\"_blank\" rel=\"noreferrer noopener\">https:\/\/www.magnificence-studio.fr\/ <\/a><\/p>\n\n\n\n<hr class=\"wp-block-separator has-css-opacity\"\/>\n\n\n\n<p class=\"has-text-align-left\">Le mat\u00e9riel d\u2019acupuncture et \u00e9nerg\u00e9tique traditionnelle chinoise&nbsp;:<\/p>\n\n\n\n<p class=\"has-text-align-right\">Les aiguilles d\u2019acupuncture de Marco Polo (<a rel=\"noreferrer noopener\" href=\"http:\/\/www.acupuncture-direct.eu\/\" target=\"_blank\">http:\/\/www.acupuncture-direct.eu\/<\/a>)<\/p>\n\n\n\n<p class=\"has-text-align-right\">Et aussi, Le mat\u00e9riel Doc save (<a href=\"https:\/\/www.docsave.com\/fr\" target=\"_blank\" rel=\"noreferrer noopener\">https:\/\/www.docsave.com\/fr<\/a>)<\/p>\n\n\n\n<hr class=\"wp-block-separator has-css-opacity\"\/>\n\n\n\n<p class=\"has-text-align-left\">L\u2019assureur :<\/p>\n\n\n\n<p class=\"has-text-align-right\">GERBAULT ASSURANCES Chemin de la Torcerie 37170 CHAMBRAY LES TOURS 02 47 63 34 28<\/p>\n\n\n\n<p>Le m\u00e9diateur de la consommation en sant\u00e9 humaine&nbsp;:<\/p>\n\n\n\n<p class=\"has-text-align-right\">CNPMEDIATION 27, avenue de la Lib\u00e9ration 42400 Saint-Chamond 09 88 30 27 72<\/p>\n\n\n\n<p class=\"has-text-align-left\">Le conseil r\u00e9gional de l\u2019ordre des v\u00e9t\u00e9rinaires dont je d\u00e9pends: <\/p>\n\n\n\n<p class=\"has-text-align-right\">&nbsp;<a href=\"https:\/\/www.veterinaire.fr\/contacter-lordre-en-region\/occitanie.html\" target=\"_blank\" rel=\"noreferrer noopener\">https:\/\/www.veterinaire.fr\/contacter-lordre-en-region\/occitanie.html<\/a><\/p>\n\n\n\n<figure class=\"wp-block-gallery has-nested-images columns-default is-cropped wp-block-gallery-1 is-layout-flex wp-block-gallery-is-layout-flex\">\n<figure class=\"wp-block-image size-large\"><img loading=\"lazy\" decoding=\"async\" width=\"2435\" height=\"2560\" data-id=\"851\" src=\"https:\/\/www.cbayol.fr\/wp-content\/uploads\/2022\/05\/CamilleBayolVeterinaire_00007-scaled.jpg\" alt=\"V\u00e9t\u00e9rinaire, utilisation de traitements naturels\" class=\"wp-image-851\" srcset=\"https:\/\/www.cbayol.fr\/wp-content\/uploads\/2022\/05\/CamilleBayolVeterinaire_00007-scaled.jpg 2435w, https:\/\/www.cbayol.fr\/wp-content\/uploads\/2022\/05\/CamilleBayolVeterinaire_00007-285x300.jpg 285w, https:\/\/www.cbayol.fr\/wp-content\/uploads\/2022\/05\/CamilleBayolVeterinaire_00007-974x1024.jpg 974w, https:\/\/www.cbayol.fr\/wp-content\/uploads\/2022\/05\/CamilleBayolVeterinaire_00007-768x807.jpg 768w, https:\/\/www.cbayol.fr\/wp-content\/uploads\/2022\/05\/CamilleBayolVeterinaire_00007-1461x1536.jpg 1461w, https:\/\/www.cbayol.fr\/wp-content\/uploads\/2022\/05\/CamilleBayolVeterinaire_00007-1948x2048.jpg 1948w\" sizes=\"auto, (max-width: 2435px) 100vw, 2435px\" \/><figcaption class=\"wp-element-caption\">V\u00e9t\u00e9rinaire, en utilisation des traitements naturels, Camille Bayol soulage les chiens, les chats et les chevaux.<\/figcaption><\/figure>\n\n\n\n<figure class=\"wp-block-image size-large\"><img loading=\"lazy\" decoding=\"async\" width=\"1956\" height=\"2560\" data-id=\"849\" src=\"https:\/\/www.cbayol.fr\/wp-content\/uploads\/2022\/05\/CamilleBayolVeterinaire_00042-scaled.jpg\" alt=\"La r\u00e9\u00e9ducation fonctionnelle sur le chat\" class=\"wp-image-849\" srcset=\"https:\/\/www.cbayol.fr\/wp-content\/uploads\/2022\/05\/CamilleBayolVeterinaire_00042-scaled.jpg 1956w, https:\/\/www.cbayol.fr\/wp-content\/uploads\/2022\/05\/CamilleBayolVeterinaire_00042-229x300.jpg 229w, https:\/\/www.cbayol.fr\/wp-content\/uploads\/2022\/05\/CamilleBayolVeterinaire_00042-782x1024.jpg 782w, https:\/\/www.cbayol.fr\/wp-content\/uploads\/2022\/05\/CamilleBayolVeterinaire_00042-768x1005.jpg 768w, https:\/\/www.cbayol.fr\/wp-content\/uploads\/2022\/05\/CamilleBayolVeterinaire_00042-1174x1536.jpg 1174w, https:\/\/www.cbayol.fr\/wp-content\/uploads\/2022\/05\/CamilleBayolVeterinaire_00042-1565x2048.jpg 1565w\" sizes=\"auto, (max-width: 1956px) 100vw, 1956px\" \/><figcaption class=\"wp-element-caption\">La r\u00e9\u00e9ducation fonctionnelle sur le chat, pour accompagner les probl\u00e8mes articulaires (fractures, arthrose&#8230;)<\/figcaption><\/figure>\n\n\n\n<figure class=\"wp-block-image size-large\"><img loading=\"lazy\" decoding=\"async\" width=\"2560\" height=\"2196\" data-id=\"614\" src=\"https:\/\/www.cbayol.fr\/wp-content\/uploads\/2021\/10\/03D1EF05-764B-4786-9685-64CAADF82748-scaled.jpeg\" alt=\"Ensemble de produits de phytoth\u00e9rapie v\u00e9t\u00e9rinaire\" class=\"wp-image-614\" srcset=\"https:\/\/www.cbayol.fr\/wp-content\/uploads\/2021\/10\/03D1EF05-764B-4786-9685-64CAADF82748-scaled.jpeg 2560w, https:\/\/www.cbayol.fr\/wp-content\/uploads\/2021\/10\/03D1EF05-764B-4786-9685-64CAADF82748-300x257.jpeg 300w, https:\/\/www.cbayol.fr\/wp-content\/uploads\/2021\/10\/03D1EF05-764B-4786-9685-64CAADF82748-1024x878.jpeg 1024w, https:\/\/www.cbayol.fr\/wp-content\/uploads\/2021\/10\/03D1EF05-764B-4786-9685-64CAADF82748-768x659.jpeg 768w, https:\/\/www.cbayol.fr\/wp-content\/uploads\/2021\/10\/03D1EF05-764B-4786-9685-64CAADF82748-1536x1317.jpeg 1536w, https:\/\/www.cbayol.fr\/wp-content\/uploads\/2021\/10\/03D1EF05-764B-4786-9685-64CAADF82748-2048x1757.jpeg 2048w, https:\/\/www.cbayol.fr\/wp-content\/uploads\/2021\/10\/03D1EF05-764B-4786-9685-64CAADF82748-600x515.jpeg 600w\" sizes=\"auto, (max-width: 2560px) 100vw, 2560px\" \/><figcaption class=\"wp-element-caption\">Ensemble de produits de phytoth\u00e9rapie v\u00e9t\u00e9rinaire permettant le soutien des animaux malades.<\/figcaption><\/figure>\n\n\n\n<figure class=\"wp-block-image size-large\"><img loading=\"lazy\" decoding=\"async\" width=\"733\" height=\"615\" data-id=\"197\" src=\"https:\/\/www.cbayol.fr\/wp-content\/uploads\/2019\/03\/Camille-Bayol-Chat-VG20.png\" alt=\"Traitement par acupuncture pour le chat\" class=\"wp-image-197\" srcset=\"https:\/\/www.cbayol.fr\/wp-content\/uploads\/2019\/03\/Camille-Bayol-Chat-VG20.png 733w, https:\/\/www.cbayol.fr\/wp-content\/uploads\/2019\/03\/Camille-Bayol-Chat-VG20-600x503.png 600w, https:\/\/www.cbayol.fr\/wp-content\/uploads\/2019\/03\/Camille-Bayol-Chat-VG20-300x252.png 300w\" sizes=\"auto, (max-width: 733px) 100vw, 733px\" \/><figcaption class=\"wp-element-caption\">Jolie petite minette, pendant son traitement d&rsquo;acupuncture. L&rsquo;acupuncture traite des pathologies comme l&rsquo;arthrose, l&rsquo;insuffisance r\u00e9nale, l&rsquo;ob\u00e9sit\u00e9, la gengivo stomatite, l&rsquo;asthme&#8230;<\/figcaption><\/figure>\n<\/figure>\n\n\n\n<p>D\u00e9couvrez toutes les derni\u00e8res nouvelles de notre cabinet v\u00e9t\u00e9rinaire sur FACEBOOK et INSTAGRAM !<\/p>\n\n\n\n<p>Enfin, trouvez ici les soins propos\u00e9s par le cabinet v\u00e9t\u00e9rinaire\u00a0: <a href=\"https:\/\/www.cbayol.fr\/\">SOINS<\/a><\/p>\n\n\n\n<p><\/p>\n","protected":false},"excerpt":{"rendered":"<p>Les partenaires avec des approches diff\u00e9rentes et associ\u00e9es \u00e0 cette sant\u00e9 naturelle&nbsp;: Le comportement du chat avec \u00c9meline Blanc-Gauthier (http:\/\/comportementalistefelin.com\/) Ou L\u2019\u00e9ducation du chien avec Joanna Torres (https:\/\/www.joanna-torres.fr\/) Et L\u2019approche de coaching canin d\u2019\u00c9milie Portales (https:\/\/www.em-otions-animales.fr\/) Certains des laboratoires partenaires : La phytoth\u00e9rapie d\u2019Ergyvet (https:\/\/ergyvet.fr) Et la phytoth\u00e9rapie de Greenvet [&hellip;]<\/p>\n","protected":false},"author":2,"featured_media":164,"parent":0,"menu_order":0,"comment_status":"closed","ping_status":"closed","template":"","meta":{"footnotes":""},"class_list":["post-33","page","type-page","status-publish","has-post-thumbnail","hentry"],"yoast_head":"<!-- This site is optimized with the Yoast SEO plugin v24.8.1 - https:\/\/yoast.com\/wordpress\/plugins\/seo\/ -->\n<title>Les partenaires en sant\u00e9 naturelle - V\u00e9t\u00e9rinaire &amp; M\u00e9decine compl\u00e9mentaire<\/title>\n<meta name=\"description\" content=\"Les partenaires en sant\u00e9 naturelle en lien avec une V\u00e9t\u00e9rinaire &amp; M\u00e9decine compl\u00e9mentaire pour une collaboration efficace.\" \/>\n<meta name=\"robots\" content=\"index, follow, max-snippet:-1, max-image-preview:large, max-video-preview:-1\" \/>\n<link rel=\"canonical\" href=\"https:\/\/www.cbayol.fr\/index.php\/partenaires-acupuncture-bayol\/\" \/>\n<meta property=\"og:locale\" content=\"fr_FR\" \/>\n<meta property=\"og:type\" content=\"article\" \/>\n<meta property=\"og:title\" content=\"Les partenaires en sant\u00e9 naturelle - V\u00e9t\u00e9rinaire &amp; M\u00e9decine compl\u00e9mentaire\" \/>\n<meta property=\"og:description\" content=\"Les partenaires en sant\u00e9 naturelle en lien avec une V\u00e9t\u00e9rinaire &amp; M\u00e9decine compl\u00e9mentaire pour une collaboration efficace.\" \/>\n<meta property=\"og:url\" content=\"https:\/\/www.cbayol.fr\/index.php\/partenaires-acupuncture-bayol\/\" \/>\n<meta property=\"og:site_name\" content=\"V\u00e9t\u00e9rinaire &amp; M\u00e9decine compl\u00e9mentaire\" \/>\n<meta property=\"article:publisher\" content=\"https:\/\/www.facebook.com\/camillebayolveterinaire\/\" \/>\n<meta property=\"article:modified_time\" content=\"2026-04-07T12:45:02+00:00\" \/>\n<meta property=\"og:image\" content=\"https:\/\/www.cbayol.fr\/wp-content\/uploads\/2019\/03\/veterinaire-yin-yang-juste.png\" \/>\n\t<meta property=\"og:image:width\" content=\"300\" \/>\n\t<meta property=\"og:image:height\" content=\"300\" \/>\n\t<meta property=\"og:image:type\" content=\"image\/png\" \/>\n<meta name=\"twitter:card\" content=\"summary_large_image\" \/>\n<meta name=\"twitter:label1\" content=\"Dur\u00e9e de lecture estim\u00e9e\" \/>\n\t<meta name=\"twitter:data1\" content=\"3 minutes\" \/>\n<script type=\"application\/ld+json\" class=\"yoast-schema-graph\">{\"@context\":\"https:\/\/schema.org\",\"@graph\":[{\"@type\":[\"WebPage\",\"AboutPage\"],\"@id\":\"https:\/\/www.cbayol.fr\/index.php\/partenaires-acupuncture-bayol\/\",\"url\":\"https:\/\/www.cbayol.fr\/index.php\/partenaires-acupuncture-bayol\/\",\"name\":\"Les partenaires en sant\u00e9 naturelle - V\u00e9t\u00e9rinaire &amp; M\u00e9decine compl\u00e9mentaire\",\"isPartOf\":{\"@id\":\"https:\/\/www.cbayol.fr\/#website\"},\"primaryImageOfPage\":{\"@id\":\"https:\/\/www.cbayol.fr\/index.php\/partenaires-acupuncture-bayol\/#primaryimage\"},\"image\":{\"@id\":\"https:\/\/www.cbayol.fr\/index.php\/partenaires-acupuncture-bayol\/#primaryimage\"},\"thumbnailUrl\":\"https:\/\/www.cbayol.fr\/wp-content\/uploads\/2019\/03\/veterinaire-yin-yang-juste.png\",\"datePublished\":\"2021-11-15T12:35:38+00:00\",\"dateModified\":\"2026-04-07T12:45:02+00:00\",\"description\":\"Les partenaires en sant\u00e9 naturelle en lien avec une V\u00e9t\u00e9rinaire &amp; M\u00e9decine compl\u00e9mentaire pour une collaboration efficace.\",\"breadcrumb\":{\"@id\":\"https:\/\/www.cbayol.fr\/index.php\/partenaires-acupuncture-bayol\/#breadcrumb\"},\"inLanguage\":\"fr-FR\",\"potentialAction\":[{\"@type\":\"ReadAction\",\"target\":[\"https:\/\/www.cbayol.fr\/index.php\/partenaires-acupuncture-bayol\/\"]}]},{\"@type\":\"ImageObject\",\"inLanguage\":\"fr-FR\",\"@id\":\"https:\/\/www.cbayol.fr\/index.php\/partenaires-acupuncture-bayol\/#primaryimage\",\"url\":\"https:\/\/www.cbayol.fr\/wp-content\/uploads\/2019\/03\/veterinaire-yin-yang-juste.png\",\"contentUrl\":\"https:\/\/www.cbayol.fr\/wp-content\/uploads\/2019\/03\/veterinaire-yin-yang-juste.png\",\"width\":300,\"height\":300,\"caption\":\"Le Yin et le Yang, concept fondamental pour les th\u00e9ories de m\u00e9decine traditionnelle Chinoise et donc pour l'acupuncture.\"},{\"@type\":\"BreadcrumbList\",\"@id\":\"https:\/\/www.cbayol.fr\/index.php\/partenaires-acupuncture-bayol\/#breadcrumb\",\"itemListElement\":[{\"@type\":\"ListItem\",\"position\":1,\"name\":\"Accueil\",\"item\":\"https:\/\/www.cbayol.fr\/\"},{\"@type\":\"ListItem\",\"position\":2,\"name\":\"Les partenaires en sant\u00e9 naturelle\"}]},{\"@type\":\"WebSite\",\"@id\":\"https:\/\/www.cbayol.fr\/#website\",\"url\":\"https:\/\/www.cbayol.fr\/\",\"name\":\"M\u00e9decine Compl\u00e9mentaire V\u00e9t\u00e9rinaire\",\"description\":\"Accompagner vers la pleine sant\u00e9.\",\"publisher\":{\"@id\":\"https:\/\/www.cbayol.fr\/#organization\"},\"potentialAction\":[{\"@type\":\"SearchAction\",\"target\":{\"@type\":\"EntryPoint\",\"urlTemplate\":\"https:\/\/www.cbayol.fr\/?s={search_term_string}\"},\"query-input\":{\"@type\":\"PropertyValueSpecification\",\"valueRequired\":true,\"valueName\":\"search_term_string\"}}],\"inLanguage\":\"fr-FR\"},{\"@type\":\"Organization\",\"@id\":\"https:\/\/www.cbayol.fr\/#organization\",\"name\":\"M\u00e9decine Compl\u00e9mentaire V\u00e9t\u00e9rinaire\",\"url\":\"https:\/\/www.cbayol.fr\/\",\"logo\":{\"@type\":\"ImageObject\",\"inLanguage\":\"fr-FR\",\"@id\":\"https:\/\/www.cbayol.fr\/#\/schema\/logo\/image\/\",\"url\":\"https:\/\/www.cbayol.fr\/wp-content\/uploads\/2019\/03\/aiguilles-acupuncture-chien-chat-1.png\",\"contentUrl\":\"https:\/\/www.cbayol.fr\/wp-content\/uploads\/2019\/03\/aiguilles-acupuncture-chien-chat-1.png\",\"width\":653,\"height\":478,\"caption\":\"M\u00e9decine Compl\u00e9mentaire V\u00e9t\u00e9rinaire\"},\"image\":{\"@id\":\"https:\/\/www.cbayol.fr\/#\/schema\/logo\/image\/\"},\"sameAs\":[\"https:\/\/www.facebook.com\/camillebayolveterinaire\/\"]}]}<\/script>\n<!-- \/ Yoast SEO plugin. -->","yoast_head_json":{"title":"Les partenaires en sant\u00e9 naturelle - V\u00e9t\u00e9rinaire &amp; M\u00e9decine compl\u00e9mentaire","description":"Les partenaires en sant\u00e9 naturelle en lien avec une V\u00e9t\u00e9rinaire &amp; M\u00e9decine compl\u00e9mentaire pour une collaboration efficace.","robots":{"index":"index","follow":"follow","max-snippet":"max-snippet:-1","max-image-preview":"max-image-preview:large","max-video-preview":"max-video-preview:-1"},"canonical":"https:\/\/www.cbayol.fr\/index.php\/partenaires-acupuncture-bayol\/","og_locale":"fr_FR","og_type":"article","og_title":"Les partenaires en sant\u00e9 naturelle - V\u00e9t\u00e9rinaire &amp; M\u00e9decine compl\u00e9mentaire","og_description":"Les partenaires en sant\u00e9 naturelle en lien avec une V\u00e9t\u00e9rinaire &amp; M\u00e9decine compl\u00e9mentaire pour une collaboration efficace.","og_url":"https:\/\/www.cbayol.fr\/index.php\/partenaires-acupuncture-bayol\/","og_site_name":"V\u00e9t\u00e9rinaire &amp; M\u00e9decine compl\u00e9mentaire","article_publisher":"https:\/\/www.facebook.com\/camillebayolveterinaire\/","article_modified_time":"2026-04-07T12:45:02+00:00","og_image":[{"width":300,"height":300,"url":"https:\/\/www.cbayol.fr\/wp-content\/uploads\/2019\/03\/veterinaire-yin-yang-juste.png","type":"image\/png"}],"twitter_card":"summary_large_image","twitter_misc":{"Dur\u00e9e de lecture estim\u00e9e":"3 minutes"},"schema":{"@context":"https:\/\/schema.org","@graph":[{"@type":["WebPage","AboutPage"],"@id":"https:\/\/www.cbayol.fr\/index.php\/partenaires-acupuncture-bayol\/","url":"https:\/\/www.cbayol.fr\/index.php\/partenaires-acupuncture-bayol\/","name":"Les partenaires en sant\u00e9 naturelle - V\u00e9t\u00e9rinaire &amp; M\u00e9decine compl\u00e9mentaire","isPartOf":{"@id":"https:\/\/www.cbayol.fr\/#website"},"primaryImageOfPage":{"@id":"https:\/\/www.cbayol.fr\/index.php\/partenaires-acupuncture-bayol\/#primaryimage"},"image":{"@id":"https:\/\/www.cbayol.fr\/index.php\/partenaires-acupuncture-bayol\/#primaryimage"},"thumbnailUrl":"https:\/\/www.cbayol.fr\/wp-content\/uploads\/2019\/03\/veterinaire-yin-yang-juste.png","datePublished":"2021-11-15T12:35:38+00:00","dateModified":"2026-04-07T12:45:02+00:00","description":"Les partenaires en sant\u00e9 naturelle en lien avec une V\u00e9t\u00e9rinaire &amp; M\u00e9decine compl\u00e9mentaire pour une collaboration efficace.","breadcrumb":{"@id":"https:\/\/www.cbayol.fr\/index.php\/partenaires-acupuncture-bayol\/#breadcrumb"},"inLanguage":"fr-FR","potentialAction":[{"@type":"ReadAction","target":["https:\/\/www.cbayol.fr\/index.php\/partenaires-acupuncture-bayol\/"]}]},{"@type":"ImageObject","inLanguage":"fr-FR","@id":"https:\/\/www.cbayol.fr\/index.php\/partenaires-acupuncture-bayol\/#primaryimage","url":"https:\/\/www.cbayol.fr\/wp-content\/uploads\/2019\/03\/veterinaire-yin-yang-juste.png","contentUrl":"https:\/\/www.cbayol.fr\/wp-content\/uploads\/2019\/03\/veterinaire-yin-yang-juste.png","width":300,"height":300,"caption":"Le Yin et le Yang, concept fondamental pour les th\u00e9ories de m\u00e9decine traditionnelle Chinoise et donc pour l'acupuncture."},{"@type":"BreadcrumbList","@id":"https:\/\/www.cbayol.fr\/index.php\/partenaires-acupuncture-bayol\/#breadcrumb","itemListElement":[{"@type":"ListItem","position":1,"name":"Accueil","item":"https:\/\/www.cbayol.fr\/"},{"@type":"ListItem","position":2,"name":"Les partenaires en sant\u00e9 naturelle"}]},{"@type":"WebSite","@id":"https:\/\/www.cbayol.fr\/#website","url":"https:\/\/www.cbayol.fr\/","name":"M\u00e9decine Compl\u00e9mentaire V\u00e9t\u00e9rinaire","description":"Accompagner vers la pleine sant\u00e9.","publisher":{"@id":"https:\/\/www.cbayol.fr\/#organization"},"potentialAction":[{"@type":"SearchAction","target":{"@type":"EntryPoint","urlTemplate":"https:\/\/www.cbayol.fr\/?s={search_term_string}"},"query-input":{"@type":"PropertyValueSpecification","valueRequired":true,"valueName":"search_term_string"}}],"inLanguage":"fr-FR"},{"@type":"Organization","@id":"https:\/\/www.cbayol.fr\/#organization","name":"M\u00e9decine Compl\u00e9mentaire V\u00e9t\u00e9rinaire","url":"https:\/\/www.cbayol.fr\/","logo":{"@type":"ImageObject","inLanguage":"fr-FR","@id":"https:\/\/www.cbayol.fr\/#\/schema\/logo\/image\/","url":"https:\/\/www.cbayol.fr\/wp-content\/uploads\/2019\/03\/aiguilles-acupuncture-chien-chat-1.png","contentUrl":"https:\/\/www.cbayol.fr\/wp-content\/uploads\/2019\/03\/aiguilles-acupuncture-chien-chat-1.png","width":653,"height":478,"caption":"M\u00e9decine Compl\u00e9mentaire V\u00e9t\u00e9rinaire"},"image":{"@id":"https:\/\/www.cbayol.fr\/#\/schema\/logo\/image\/"},"sameAs":["https:\/\/www.facebook.com\/camillebayolveterinaire\/"]}]}},"_links":{"self":[{"href":"https:\/\/www.cbayol.fr\/index.php\/wp-json\/wp\/v2\/pages\/33","targetHints":{"allow":["GET"]}}],"collection":[{"href":"https:\/\/www.cbayol.fr\/index.php\/wp-json\/wp\/v2\/pages"}],"about":[{"href":"https:\/\/www.cbayol.fr\/index.php\/wp-json\/wp\/v2\/types\/page"}],"author":[{"embeddable":true,"href":"https:\/\/www.cbayol.fr\/index.php\/wp-json\/wp\/v2\/users\/2"}],"replies":[{"embeddable":true,"href":"https:\/\/www.cbayol.fr\/index.php\/wp-json\/wp\/v2\/comments?post=33"}],"version-history":[{"count":30,"href":"https:\/\/www.cbayol.fr\/index.php\/wp-json\/wp\/v2\/pages\/33\/revisions"}],"predecessor-version":[{"id":995,"href":"https:\/\/www.cbayol.fr\/index.php\/wp-json\/wp\/v2\/pages\/33\/revisions\/995"}],"wp:featuredmedia":[{"embeddable":true,"href":"https:\/\/www.cbayol.fr\/index.php\/wp-json\/wp\/v2\/media\/164"}],"wp:attachment":[{"href":"https:\/\/www.cbayol.fr\/index.php\/wp-json\/wp\/v2\/media?parent=33"}],"curies":[{"name":"wp","href":"https:\/\/api.w.org\/{rel}","templated":true}]}}