{"id":301,"date":"2019-10-18T15:19:21","date_gmt":"2019-10-18T15:19:21","guid":{"rendered":"https:\/\/www.vetoyinyang.fr\/?page_id=301"},"modified":"2025-02-10T14:49:05","modified_gmt":"2025-02-10T14:49:05","slug":"conditions-generales-fonctionnement","status":"publish","type":"page","link":"https:\/\/www.cbayol.fr\/index.php\/conditions-generales-fonctionnement\/","title":{"rendered":"Le fonctionnement du cabinet v\u00e9t\u00e9rinaire, m\u00e9decine compl\u00e9mentaire."},"content":{"rendered":"\n<p>Le cabinet v\u00e9t\u00e9rinaire r\u00e9pond aux exigences essentielles permettant le fonctionnement optimal.<\/p>\n\n\n\n<p class=\"has-text-align-center\">CABINET VETERINAIRE DU YIN YANG<\/p>\n\n\n\n<p class=\"has-text-align-center\">DOCTEUR VETERINAIRE CAMILLE BAYOL <\/p>\n\n\n\n<p class=\"has-text-align-center\">499 AVENUE DE LA PEYRINIE, ZAC BEL AIR, 12000 RODEZ<\/p>\n\n\n\n<div data-wp-interactive=\"core\/file\" class=\"wp-block-file\"><object data-wp-bind--hidden=\"!state.hasPdfPreview\" hidden class=\"wp-block-file__embed\" data=\"https:\/\/www.cbayol.fr\/wp-content\/uploads\/2025\/02\/2502-conditions-de-fonctionnement.pdf\" type=\"application\/pdf\" style=\"width:100%;height:600px\" aria-label=\"Contenu embarqu\u00e9 2502-conditions-de-fonctionnement.\"><\/object><a id=\"wp-block-file--media-4608eccc-e1bd-42a5-814a-34ce26e81b91\" href=\"https:\/\/www.cbayol.fr\/wp-content\/uploads\/2025\/02\/2502-conditions-de-fonctionnement.pdf\">2502-conditions-de-fonctionnement<\/a><a href=\"https:\/\/www.cbayol.fr\/wp-content\/uploads\/2025\/02\/2502-conditions-de-fonctionnement.pdf\" class=\"wp-block-file__button wp-element-button\" download aria-describedby=\"wp-block-file--media-4608eccc-e1bd-42a5-814a-34ce26e81b91\">T\u00e9l\u00e9charger<\/a><\/div>\n\n\n\n<p>Retrouvez les actualit\u00e9s du cabinet v\u00e9t\u00e9rinaire ici: <a href=\"https:\/\/www.facebook.com\/camillebayolveterinaire\" target=\"_blank\" rel=\"noreferrer noopener\">FACEBOOK<\/a>  et <a href=\"https:\/\/www.instagram.com\/bayolveterinaire\/\" target=\"_blank\" rel=\"noreferrer noopener\">INSTAGRAM<\/a><\/p>\n\n\n\n<p>Vous allez \u00eatre re\u00e7u directement par une v\u00e9t\u00e9rinaire. Votre animal sera examin\u00e9 et dirig\u00e9 vers les traitements jug\u00e9s les plus efficaces face \u00e0 sa pathologie.<\/p>\n","protected":false},"excerpt":{"rendered":"<p>Le cabinet v\u00e9t\u00e9rinaire r\u00e9pond aux exigences essentielles permettant le fonctionnement optimal. CABINET VETERINAIRE DU YIN YANG DOCTEUR VETERINAIRE CAMILLE BAYOL 499 AVENUE DE LA PEYRINIE, ZAC BEL AIR, 12000 RODEZ Retrouvez les actualit\u00e9s du cabinet v\u00e9t\u00e9rinaire ici: FACEBOOK et INSTAGRAM Vous allez \u00eatre re\u00e7u directement par une v\u00e9t\u00e9rinaire. Votre animal [&hellip;]<\/p>\n","protected":false},"author":1,"featured_media":235,"parent":0,"menu_order":0,"comment_status":"closed","ping_status":"closed","template":"","meta":{"footnotes":""},"class_list":["post-301","page","type-page","status-publish","has-post-thumbnail","hentry"],"yoast_head":"<!-- This site is optimized with the Yoast SEO plugin v24.8.1 - https:\/\/yoast.com\/wordpress\/plugins\/seo\/ -->\n<title>Le fonctionnement du cabinet v\u00e9t\u00e9rinaire, m\u00e9decine compl\u00e9mentaire.<\/title>\n<meta name=\"description\" content=\"D\u00e9couvrez ici Le fonctionnement du cabinet v\u00e9t\u00e9rinaire, m\u00e9decine compl\u00e9mentaire. pour une efficacit\u00e9 optimale.\" \/>\n<meta name=\"robots\" content=\"index, follow, max-image-preview:large, max-video-preview:-1, nosnippet\" \/>\n<link rel=\"canonical\" href=\"https:\/\/www.cbayol.fr\/index.php\/conditions-generales-fonctionnement\/\" \/>\n<meta property=\"og:locale\" content=\"fr_FR\" \/>\n<meta property=\"og:type\" content=\"article\" \/>\n<meta property=\"og:title\" content=\"Conditions de fonctionnement\" \/>\n<meta property=\"og:description\" content=\"Conditions de fonctionnement du cabinet v\u00e9t\u00e9rinaire du Yin Yang, Rodez\" \/>\n<meta property=\"og:url\" content=\"https:\/\/www.cbayol.fr\/index.php\/conditions-generales-fonctionnement\/\" \/>\n<meta property=\"og:site_name\" content=\"V\u00e9t\u00e9rinaire &amp; M\u00e9decine compl\u00e9mentaire\" \/>\n<meta property=\"article:publisher\" content=\"https:\/\/www.facebook.com\/camillebayolveterinaire\/\" \/>\n<meta property=\"article:modified_time\" content=\"2025-02-10T14:49:05+00:00\" \/>\n<meta property=\"og:image\" content=\"https:\/\/www.cbayol.fr\/wp-content\/uploads\/2019\/03\/aiguilles-acupuncture-chien-chat-1.png\" \/>\n\t<meta property=\"og:image:width\" content=\"653\" \/>\n\t<meta property=\"og:image:height\" content=\"478\" \/>\n\t<meta property=\"og:image:type\" content=\"image\/png\" \/>\n<meta name=\"twitter:card\" content=\"summary_large_image\" \/>\n<meta name=\"twitter:title\" content=\"Conditions de fonctionnement\" \/>\n<meta name=\"twitter:description\" content=\"Conditions de fonctionnement du cabinet v\u00e9t\u00e9rinaire du Yin Yang, Rodez\" \/>\n<meta name=\"twitter:label1\" content=\"Dur\u00e9e de lecture estim\u00e9e\" \/>\n\t<meta name=\"twitter:data1\" content=\"1 minute\" \/>\n<script type=\"application\/ld+json\" class=\"yoast-schema-graph\">{\"@context\":\"https:\/\/schema.org\",\"@graph\":[{\"@type\":[\"WebPage\",\"AboutPage\"],\"@id\":\"https:\/\/www.cbayol.fr\/index.php\/conditions-generales-fonctionnement\/\",\"url\":\"https:\/\/www.cbayol.fr\/index.php\/conditions-generales-fonctionnement\/\",\"name\":\"Le fonctionnement du cabinet v\u00e9t\u00e9rinaire, m\u00e9decine compl\u00e9mentaire.\",\"isPartOf\":{\"@id\":\"https:\/\/www.cbayol.fr\/#website\"},\"primaryImageOfPage\":{\"@id\":\"https:\/\/www.cbayol.fr\/index.php\/conditions-generales-fonctionnement\/#primaryimage\"},\"image\":{\"@id\":\"https:\/\/www.cbayol.fr\/index.php\/conditions-generales-fonctionnement\/#primaryimage\"},\"thumbnailUrl\":\"https:\/\/www.cbayol.fr\/wp-content\/uploads\/2019\/03\/aiguilles-acupuncture-chien-chat-1.png\",\"datePublished\":\"2019-10-18T15:19:21+00:00\",\"dateModified\":\"2025-02-10T14:49:05+00:00\",\"description\":\"D\u00e9couvrez ici Le fonctionnement du cabinet v\u00e9t\u00e9rinaire, m\u00e9decine compl\u00e9mentaire. pour une efficacit\u00e9 optimale.\",\"breadcrumb\":{\"@id\":\"https:\/\/www.cbayol.fr\/index.php\/conditions-generales-fonctionnement\/#breadcrumb\"},\"inLanguage\":\"fr-FR\",\"potentialAction\":[{\"@type\":\"ReadAction\",\"target\":[\"https:\/\/www.cbayol.fr\/index.php\/conditions-generales-fonctionnement\/\"]}]},{\"@type\":\"ImageObject\",\"inLanguage\":\"fr-FR\",\"@id\":\"https:\/\/www.cbayol.fr\/index.php\/conditions-generales-fonctionnement\/#primaryimage\",\"url\":\"https:\/\/www.cbayol.fr\/wp-content\/uploads\/2019\/03\/aiguilles-acupuncture-chien-chat-1.png\",\"contentUrl\":\"https:\/\/www.cbayol.fr\/wp-content\/uploads\/2019\/03\/aiguilles-acupuncture-chien-chat-1.png\",\"width\":653,\"height\":478,\"caption\":\"Exemples d'aiguilles d'acupuncture utilis\u00e9es chez les chiens, les chats et les chevaux.\"},{\"@type\":\"BreadcrumbList\",\"@id\":\"https:\/\/www.cbayol.fr\/index.php\/conditions-generales-fonctionnement\/#breadcrumb\",\"itemListElement\":[{\"@type\":\"ListItem\",\"position\":1,\"name\":\"Accueil\",\"item\":\"https:\/\/www.cbayol.fr\/\"},{\"@type\":\"ListItem\",\"position\":2,\"name\":\"conditions g\u00e9n\u00e9rales v\u00e9t\u00e9rinaire\"}]},{\"@type\":\"WebSite\",\"@id\":\"https:\/\/www.cbayol.fr\/#website\",\"url\":\"https:\/\/www.cbayol.fr\/\",\"name\":\"M\u00e9decine Compl\u00e9mentaire V\u00e9t\u00e9rinaire\",\"description\":\"Accompagner vers la pleine sant\u00e9.\",\"publisher\":{\"@id\":\"https:\/\/www.cbayol.fr\/#organization\"},\"potentialAction\":[{\"@type\":\"SearchAction\",\"target\":{\"@type\":\"EntryPoint\",\"urlTemplate\":\"https:\/\/www.cbayol.fr\/?s={search_term_string}\"},\"query-input\":{\"@type\":\"PropertyValueSpecification\",\"valueRequired\":true,\"valueName\":\"search_term_string\"}}],\"inLanguage\":\"fr-FR\"},{\"@type\":\"Organization\",\"@id\":\"https:\/\/www.cbayol.fr\/#organization\",\"name\":\"M\u00e9decine Compl\u00e9mentaire V\u00e9t\u00e9rinaire\",\"url\":\"https:\/\/www.cbayol.fr\/\",\"logo\":{\"@type\":\"ImageObject\",\"inLanguage\":\"fr-FR\",\"@id\":\"https:\/\/www.cbayol.fr\/#\/schema\/logo\/image\/\",\"url\":\"https:\/\/www.cbayol.fr\/wp-content\/uploads\/2019\/03\/aiguilles-acupuncture-chien-chat-1.png\",\"contentUrl\":\"https:\/\/www.cbayol.fr\/wp-content\/uploads\/2019\/03\/aiguilles-acupuncture-chien-chat-1.png\",\"width\":653,\"height\":478,\"caption\":\"M\u00e9decine Compl\u00e9mentaire V\u00e9t\u00e9rinaire\"},\"image\":{\"@id\":\"https:\/\/www.cbayol.fr\/#\/schema\/logo\/image\/\"},\"sameAs\":[\"https:\/\/www.facebook.com\/camillebayolveterinaire\/\"]}]}<\/script>\n<!-- \/ Yoast SEO plugin. -->","yoast_head_json":{"title":"Le fonctionnement du cabinet v\u00e9t\u00e9rinaire, m\u00e9decine compl\u00e9mentaire.","description":"D\u00e9couvrez ici Le fonctionnement du cabinet v\u00e9t\u00e9rinaire, m\u00e9decine compl\u00e9mentaire. pour une efficacit\u00e9 optimale.","robots":{"index":"index","follow":"follow","max-image-preview":"max-image-preview:large","max-video-preview":"max-video-preview:-1","snippet":"nosnippet"},"canonical":"https:\/\/www.cbayol.fr\/index.php\/conditions-generales-fonctionnement\/","og_locale":"fr_FR","og_type":"article","og_title":"Conditions de fonctionnement","og_description":"Conditions de fonctionnement du cabinet v\u00e9t\u00e9rinaire du Yin Yang, Rodez","og_url":"https:\/\/www.cbayol.fr\/index.php\/conditions-generales-fonctionnement\/","og_site_name":"V\u00e9t\u00e9rinaire &amp; M\u00e9decine compl\u00e9mentaire","article_publisher":"https:\/\/www.facebook.com\/camillebayolveterinaire\/","article_modified_time":"2025-02-10T14:49:05+00:00","og_image":[{"width":653,"height":478,"url":"https:\/\/www.cbayol.fr\/wp-content\/uploads\/2019\/03\/aiguilles-acupuncture-chien-chat-1.png","type":"image\/png"}],"twitter_card":"summary_large_image","twitter_title":"Conditions de fonctionnement","twitter_description":"Conditions de fonctionnement du cabinet v\u00e9t\u00e9rinaire du Yin Yang, Rodez","twitter_misc":{"Dur\u00e9e de lecture estim\u00e9e":"1 minute"},"schema":{"@context":"https:\/\/schema.org","@graph":[{"@type":["WebPage","AboutPage"],"@id":"https:\/\/www.cbayol.fr\/index.php\/conditions-generales-fonctionnement\/","url":"https:\/\/www.cbayol.fr\/index.php\/conditions-generales-fonctionnement\/","name":"Le fonctionnement du cabinet v\u00e9t\u00e9rinaire, m\u00e9decine compl\u00e9mentaire.","isPartOf":{"@id":"https:\/\/www.cbayol.fr\/#website"},"primaryImageOfPage":{"@id":"https:\/\/www.cbayol.fr\/index.php\/conditions-generales-fonctionnement\/#primaryimage"},"image":{"@id":"https:\/\/www.cbayol.fr\/index.php\/conditions-generales-fonctionnement\/#primaryimage"},"thumbnailUrl":"https:\/\/www.cbayol.fr\/wp-content\/uploads\/2019\/03\/aiguilles-acupuncture-chien-chat-1.png","datePublished":"2019-10-18T15:19:21+00:00","dateModified":"2025-02-10T14:49:05+00:00","description":"D\u00e9couvrez ici Le fonctionnement du cabinet v\u00e9t\u00e9rinaire, m\u00e9decine compl\u00e9mentaire. pour une efficacit\u00e9 optimale.","breadcrumb":{"@id":"https:\/\/www.cbayol.fr\/index.php\/conditions-generales-fonctionnement\/#breadcrumb"},"inLanguage":"fr-FR","potentialAction":[{"@type":"ReadAction","target":["https:\/\/www.cbayol.fr\/index.php\/conditions-generales-fonctionnement\/"]}]},{"@type":"ImageObject","inLanguage":"fr-FR","@id":"https:\/\/www.cbayol.fr\/index.php\/conditions-generales-fonctionnement\/#primaryimage","url":"https:\/\/www.cbayol.fr\/wp-content\/uploads\/2019\/03\/aiguilles-acupuncture-chien-chat-1.png","contentUrl":"https:\/\/www.cbayol.fr\/wp-content\/uploads\/2019\/03\/aiguilles-acupuncture-chien-chat-1.png","width":653,"height":478,"caption":"Exemples d'aiguilles d'acupuncture utilis\u00e9es chez les chiens, les chats et les chevaux."},{"@type":"BreadcrumbList","@id":"https:\/\/www.cbayol.fr\/index.php\/conditions-generales-fonctionnement\/#breadcrumb","itemListElement":[{"@type":"ListItem","position":1,"name":"Accueil","item":"https:\/\/www.cbayol.fr\/"},{"@type":"ListItem","position":2,"name":"conditions g\u00e9n\u00e9rales v\u00e9t\u00e9rinaire"}]},{"@type":"WebSite","@id":"https:\/\/www.cbayol.fr\/#website","url":"https:\/\/www.cbayol.fr\/","name":"M\u00e9decine Compl\u00e9mentaire V\u00e9t\u00e9rinaire","description":"Accompagner vers la pleine sant\u00e9.","publisher":{"@id":"https:\/\/www.cbayol.fr\/#organization"},"potentialAction":[{"@type":"SearchAction","target":{"@type":"EntryPoint","urlTemplate":"https:\/\/www.cbayol.fr\/?s={search_term_string}"},"query-input":{"@type":"PropertyValueSpecification","valueRequired":true,"valueName":"search_term_string"}}],"inLanguage":"fr-FR"},{"@type":"Organization","@id":"https:\/\/www.cbayol.fr\/#organization","name":"M\u00e9decine Compl\u00e9mentaire V\u00e9t\u00e9rinaire","url":"https:\/\/www.cbayol.fr\/","logo":{"@type":"ImageObject","inLanguage":"fr-FR","@id":"https:\/\/www.cbayol.fr\/#\/schema\/logo\/image\/","url":"https:\/\/www.cbayol.fr\/wp-content\/uploads\/2019\/03\/aiguilles-acupuncture-chien-chat-1.png","contentUrl":"https:\/\/www.cbayol.fr\/wp-content\/uploads\/2019\/03\/aiguilles-acupuncture-chien-chat-1.png","width":653,"height":478,"caption":"M\u00e9decine Compl\u00e9mentaire V\u00e9t\u00e9rinaire"},"image":{"@id":"https:\/\/www.cbayol.fr\/#\/schema\/logo\/image\/"},"sameAs":["https:\/\/www.facebook.com\/camillebayolveterinaire\/"]}]}},"_links":{"self":[{"href":"https:\/\/www.cbayol.fr\/index.php\/wp-json\/wp\/v2\/pages\/301","targetHints":{"allow":["GET"]}}],"collection":[{"href":"https:\/\/www.cbayol.fr\/index.php\/wp-json\/wp\/v2\/pages"}],"about":[{"href":"https:\/\/www.cbayol.fr\/index.php\/wp-json\/wp\/v2\/types\/page"}],"author":[{"embeddable":true,"href":"https:\/\/www.cbayol.fr\/index.php\/wp-json\/wp\/v2\/users\/1"}],"replies":[{"embeddable":true,"href":"https:\/\/www.cbayol.fr\/index.php\/wp-json\/wp\/v2\/comments?post=301"}],"version-history":[{"count":26,"href":"https:\/\/www.cbayol.fr\/index.php\/wp-json\/wp\/v2\/pages\/301\/revisions"}],"predecessor-version":[{"id":941,"href":"https:\/\/www.cbayol.fr\/index.php\/wp-json\/wp\/v2\/pages\/301\/revisions\/941"}],"wp:featuredmedia":[{"embeddable":true,"href":"https:\/\/www.cbayol.fr\/index.php\/wp-json\/wp\/v2\/media\/235"}],"wp:attachment":[{"href":"https:\/\/www.cbayol.fr\/index.php\/wp-json\/wp\/v2\/media?parent=301"}],"curies":[{"name":"wp","href":"https:\/\/api.w.org\/{rel}","templated":true}]}}