{"id":215,"date":"2019-03-14T17:31:02","date_gmt":"2019-03-14T17:31:02","guid":{"rendered":"https:\/\/www.vetoyinyang.fr\/?page_id=215"},"modified":"2026-04-07T12:45:24","modified_gmt":"2026-04-07T12:45:24","slug":"mentions-legales","status":"publish","type":"page","link":"https:\/\/www.cbayol.fr\/index.php\/mentions-legales\/","title":{"rendered":"Mentions l\u00e9gales"},"content":{"rendered":"\n<p>V\u00e9t\u00e9rinaire en sant\u00e9 naturelle. <\/p>\n\n\n\n<h2 class=\"wp-block-heading\">Le site www.cbayol.fr est la propri\u00e9t\u00e9 de \u201cV\u00e9t\u00e9rinaire du Yin Yang\u201d.<\/h2>\n\n\n\n<p>V\u00e9t\u00e9rinaire du Yin Yang, Camille Bayol, 499 avenue de la peyrinie, 12000 Rodez, drcbayol@gmail.com, 0625522581<\/p>\n\n\n\n<h2 class=\"wp-block-heading\">H\u00e9bergeur&nbsp;: https:\/\/www.ataraxie.fr\/mentions-legales\/ 80, All\u00e9e d\u2019I\u00e9na 11000 CARCASSONNE<\/h2>\n\n\n\n<p>La pr\u00e9sentation et le contenu de ce site constituent ensemble une \u0153uvre prot\u00e9g\u00e9e par les lois en vigueur sur la propri\u00e9t\u00e9 intellectuelle. Toute reproduction totale ou partielle de ces images n\u2019est pas autoris\u00e9e sans l\u2019accord expr\u00e8s et \u00e9crit de la soci\u00e9t\u00e9 V\u00e9t\u00e9rinaire du Yin Yang.<\/p>\n\n\n\n<p>Ce site est susceptible de proposer des liens vers des sites tiers. V\u00e9t\u00e9rinaire du Yin Yang ne pourra \u00eatre tenue responsable du contenu de ces sites et de l\u2019usage qui pourra en \u00eatre fait par les utilisateurs.<\/p>\n\n\n\n<h2 class=\"wp-block-heading\">Politique de protection des donn\u00e9es personnelles<\/h2>\n\n\n\n<p>La pr\u00e9sente politique de protection des donn\u00e9es personnelles d\u00e9crit les m\u00e9thodes appliqu\u00e9es pour recueillir, g\u00e9rer et utiliser les donn\u00e9es personnelles. Cette politique peut \u00eatre modifi\u00e9e, compl\u00e9t\u00e9e, supprim\u00e9e ou mise \u00e0 jour ; cependant, nous traiterons toujours vos informations personnelles conform\u00e9ment \u00e0 la politique en vigueur au moment de leur collecte.<\/p>\n\n\n\n<p>Notre objectif est de vous faire part r\u00e9guli\u00e8rement sur cette page des modifications \u00e9ventuelles apport\u00e9es \u00e0 cette politique, afin que vous soyez toujours pleinement inform\u00e9 des cat\u00e9gories d\u2019informations que nous recueillons, de la mani\u00e8re dont nous les utilisons, et des circonstances dans lesquelles elles peuvent \u00eatre communiqu\u00e9es. Notre politique de protection des donn\u00e9es est accessible \u00e0 partir de toutes les pages du site.<\/p>\n\n\n\n<h2 class=\"wp-block-heading\">Garanties sur la confidentialit\u00e9 des donn\u00e9es<\/h2>\n\n\n\n<p>Le terme \u201cdonn\u00e9es personnelles\u201d, tel qu\u2019il est utilis\u00e9 dans la pr\u00e9sente politique, fait r\u00e9f\u00e9rence aux informations suivantes : vos nom et pr\u00e9nom, votre adresse postale et mail, votre num\u00e9ro de t\u00e9l\u00e9phone, donn\u00e9es permettant de vous identifier sur le site et de g\u00e9rer le dossier de vos animaux. En r\u00e8gle g\u00e9n\u00e9rale, nous traiterons vos donn\u00e9es personnelles selon la proc\u00e9dure d\u00e9crite dans cette politique. Nous nous r\u00e9servons le droit de proc\u00e9der \u00e0 des traitements suppl\u00e9mentaires qui seraient requis par la loi.<\/p>\n\n\n\n<h2 class=\"wp-block-heading\">Non-communication des donn\u00e9es personnelles<\/h2>\n\n\n\n<p>Vos donn\u00e9es personnelles ne seront jamais vendues, ni partag\u00e9es ou communiqu\u00e9es \u00e0 des tiers.<\/p>\n\n\n\n<p>Par ailleurs, les donn\u00e9es personnelles pourront \u00eatre divulgu\u00e9es \u00e0 un tiers si nous y sommes contraints dans le cadre d\u2019une loi en ou d\u2019une disposition r\u00e9glementaire en vigueur, d\u2019une ordonnance judiciaire ou d\u2019une r\u00e9glementation gouvernementale, ou si cette divulgation est n\u00e9cessaire dans le cadre d\u2019une enqu\u00eate, ou d\u2019une proc\u00e9dure p\u00e9nale, sur le territoire national ou \u00e0 l\u2019\u00e9tranger.<\/p>\n\n\n\n<h2 class=\"wp-block-heading\">Droit d\u2019acc\u00e8s, de rectification et d\u2019opposition<\/h2>\n\n\n\n<p>Vous disposez d\u2019un droit d\u2019acc\u00e8s et un droit d\u2019opposition au traitement de vos donn\u00e9es personnelles pour des raisons l\u00e9gitimes, c\u2019est-\u00e0-dire si ce traitement n\u2019est pas raisonnablement n\u00e9cessaire \u00e0 la poursuite de notre int\u00e9r\u00eat l\u00e9gitime tel que d\u00e9crit dans la pr\u00e9sente politique, ou au respect de la loi.<\/p>\n\n\n\n<h2 class=\"wp-block-heading\">Cookies<\/h2>\n\n\n\n<p>Un \u201ccookie\u201d est un petit fichier d\u2019information envoy\u00e9 sur votre navigateur et enregistr\u00e9 au sein de votre terminal (ex : ordinateur, smartphone). Nous n\u2019utilisons que des cookies fonctionnels vous permettant d\u2019utiliser le site en tant que personne autoris\u00e9e, ainsi que des informations g\u00e9n\u00e9rales de navigation afin de statistiques. Nous ne recueillons pas d\u2019information personnalis\u00e9e concernant votre visite de ce site.<\/p>\n\n\n\n<h2 class=\"wp-block-heading\">Comment nous contacter<\/h2>\n\n\n\n<p>Si vous avez des questions ou des r\u00e9clamations concernant notre respect de la pr\u00e9sente politique de confidentialit\u00e9 des donn\u00e9es, ou si vous souhaitez nous faire part de recommandations ou des commentaires visant \u00e0 am\u00e9liorer sa qualit\u00e9, contactez-nous.<\/p>\n\n\n\n<p><\/p>\n\n\n\n<p>Ce site est contraint d&rsquo;utiliser WP statistics.<\/p>\n\n\n\n<p>Mise \u00e0 jour le 04\/01\/2026.<\/p>\n","protected":false},"excerpt":{"rendered":"<p>V\u00e9t\u00e9rinaire en sant\u00e9 naturelle. Le site www.cbayol.fr est la propri\u00e9t\u00e9 de \u201cV\u00e9t\u00e9rinaire du Yin Yang\u201d. V\u00e9t\u00e9rinaire du Yin Yang, Camille Bayol, 499 avenue de la peyrinie, 12000 Rodez, drcbayol@gmail.com, 0625522581 H\u00e9bergeur&nbsp;: https:\/\/www.ataraxie.fr\/mentions-legales\/ 80, All\u00e9e d\u2019I\u00e9na 11000 CARCASSONNE La pr\u00e9sentation et le contenu de ce site constituent ensemble une \u0153uvre prot\u00e9g\u00e9e [&hellip;]<\/p>\n","protected":false},"author":1,"featured_media":0,"parent":0,"menu_order":0,"comment_status":"closed","ping_status":"closed","template":"","meta":{"footnotes":""},"class_list":["post-215","page","type-page","status-publish","hentry"],"yoast_head":"<!-- This site is optimized with the Yoast SEO plugin v24.8.1 - https:\/\/yoast.com\/wordpress\/plugins\/seo\/ -->\n<title>Mentions l\u00e9gales - V\u00e9t\u00e9rinaire &amp; M\u00e9decine compl\u00e9mentaire<\/title>\n<meta name=\"description\" content=\"Mentions l\u00e9gales V\u00e9t\u00e9rinaire &amp; M\u00e9decine compl\u00e9mentaire, en sant\u00e9 naturelle pour vos chiens, chats et chevaux.\" \/>\n<meta name=\"robots\" content=\"index, follow, max-snippet:-1, max-image-preview:large, max-video-preview:-1\" \/>\n<link rel=\"canonical\" href=\"https:\/\/www.cbayol.fr\/index.php\/mentions-legales\/\" \/>\n<meta property=\"og:locale\" content=\"fr_FR\" \/>\n<meta property=\"og:type\" content=\"article\" \/>\n<meta property=\"og:title\" content=\"Mentions l\u00e9gales - V\u00e9t\u00e9rinaire &amp; M\u00e9decine compl\u00e9mentaire\" \/>\n<meta property=\"og:description\" content=\"Mentions l\u00e9gales V\u00e9t\u00e9rinaire &amp; M\u00e9decine compl\u00e9mentaire, en sant\u00e9 naturelle pour vos chiens, chats et chevaux.\" \/>\n<meta property=\"og:url\" content=\"https:\/\/www.cbayol.fr\/index.php\/mentions-legales\/\" \/>\n<meta property=\"og:site_name\" content=\"V\u00e9t\u00e9rinaire &amp; M\u00e9decine compl\u00e9mentaire\" \/>\n<meta property=\"article:publisher\" content=\"https:\/\/www.facebook.com\/camillebayolveterinaire\/\" \/>\n<meta property=\"article:modified_time\" content=\"2026-04-07T12:45:24+00:00\" \/>\n<meta name=\"twitter:card\" content=\"summary_large_image\" \/>\n<meta name=\"twitter:label1\" content=\"Dur\u00e9e de lecture estim\u00e9e\" \/>\n\t<meta name=\"twitter:data1\" content=\"3 minutes\" \/>\n<script type=\"application\/ld+json\" class=\"yoast-schema-graph\">{\"@context\":\"https:\/\/schema.org\",\"@graph\":[{\"@type\":\"WebPage\",\"@id\":\"https:\/\/www.cbayol.fr\/index.php\/mentions-legales\/\",\"url\":\"https:\/\/www.cbayol.fr\/index.php\/mentions-legales\/\",\"name\":\"Mentions l\u00e9gales - V\u00e9t\u00e9rinaire &amp; M\u00e9decine compl\u00e9mentaire\",\"isPartOf\":{\"@id\":\"https:\/\/www.cbayol.fr\/#website\"},\"datePublished\":\"2019-03-14T17:31:02+00:00\",\"dateModified\":\"2026-04-07T12:45:24+00:00\",\"description\":\"Mentions l\u00e9gales V\u00e9t\u00e9rinaire &amp; M\u00e9decine compl\u00e9mentaire, en sant\u00e9 naturelle pour vos chiens, chats et chevaux.\",\"breadcrumb\":{\"@id\":\"https:\/\/www.cbayol.fr\/index.php\/mentions-legales\/#breadcrumb\"},\"inLanguage\":\"fr-FR\",\"potentialAction\":[{\"@type\":\"ReadAction\",\"target\":[\"https:\/\/www.cbayol.fr\/index.php\/mentions-legales\/\"]}]},{\"@type\":\"BreadcrumbList\",\"@id\":\"https:\/\/www.cbayol.fr\/index.php\/mentions-legales\/#breadcrumb\",\"itemListElement\":[{\"@type\":\"ListItem\",\"position\":1,\"name\":\"Accueil\",\"item\":\"https:\/\/www.cbayol.fr\/\"},{\"@type\":\"ListItem\",\"position\":2,\"name\":\"Mentions l\u00e9gales\"}]},{\"@type\":\"WebSite\",\"@id\":\"https:\/\/www.cbayol.fr\/#website\",\"url\":\"https:\/\/www.cbayol.fr\/\",\"name\":\"M\u00e9decine Compl\u00e9mentaire V\u00e9t\u00e9rinaire\",\"description\":\"Accompagner vers la pleine sant\u00e9.\",\"publisher\":{\"@id\":\"https:\/\/www.cbayol.fr\/#organization\"},\"potentialAction\":[{\"@type\":\"SearchAction\",\"target\":{\"@type\":\"EntryPoint\",\"urlTemplate\":\"https:\/\/www.cbayol.fr\/?s={search_term_string}\"},\"query-input\":{\"@type\":\"PropertyValueSpecification\",\"valueRequired\":true,\"valueName\":\"search_term_string\"}}],\"inLanguage\":\"fr-FR\"},{\"@type\":\"Organization\",\"@id\":\"https:\/\/www.cbayol.fr\/#organization\",\"name\":\"M\u00e9decine Compl\u00e9mentaire V\u00e9t\u00e9rinaire\",\"url\":\"https:\/\/www.cbayol.fr\/\",\"logo\":{\"@type\":\"ImageObject\",\"inLanguage\":\"fr-FR\",\"@id\":\"https:\/\/www.cbayol.fr\/#\/schema\/logo\/image\/\",\"url\":\"https:\/\/www.cbayol.fr\/wp-content\/uploads\/2019\/03\/aiguilles-acupuncture-chien-chat-1.png\",\"contentUrl\":\"https:\/\/www.cbayol.fr\/wp-content\/uploads\/2019\/03\/aiguilles-acupuncture-chien-chat-1.png\",\"width\":653,\"height\":478,\"caption\":\"M\u00e9decine Compl\u00e9mentaire V\u00e9t\u00e9rinaire\"},\"image\":{\"@id\":\"https:\/\/www.cbayol.fr\/#\/schema\/logo\/image\/\"},\"sameAs\":[\"https:\/\/www.facebook.com\/camillebayolveterinaire\/\"]}]}<\/script>\n<!-- \/ Yoast SEO plugin. -->","yoast_head_json":{"title":"Mentions l\u00e9gales - V\u00e9t\u00e9rinaire &amp; M\u00e9decine compl\u00e9mentaire","description":"Mentions l\u00e9gales V\u00e9t\u00e9rinaire &amp; M\u00e9decine compl\u00e9mentaire, en sant\u00e9 naturelle pour vos chiens, chats et chevaux.","robots":{"index":"index","follow":"follow","max-snippet":"max-snippet:-1","max-image-preview":"max-image-preview:large","max-video-preview":"max-video-preview:-1"},"canonical":"https:\/\/www.cbayol.fr\/index.php\/mentions-legales\/","og_locale":"fr_FR","og_type":"article","og_title":"Mentions l\u00e9gales - V\u00e9t\u00e9rinaire &amp; M\u00e9decine compl\u00e9mentaire","og_description":"Mentions l\u00e9gales V\u00e9t\u00e9rinaire &amp; M\u00e9decine compl\u00e9mentaire, en sant\u00e9 naturelle pour vos chiens, chats et chevaux.","og_url":"https:\/\/www.cbayol.fr\/index.php\/mentions-legales\/","og_site_name":"V\u00e9t\u00e9rinaire &amp; M\u00e9decine compl\u00e9mentaire","article_publisher":"https:\/\/www.facebook.com\/camillebayolveterinaire\/","article_modified_time":"2026-04-07T12:45:24+00:00","twitter_card":"summary_large_image","twitter_misc":{"Dur\u00e9e de lecture estim\u00e9e":"3 minutes"},"schema":{"@context":"https:\/\/schema.org","@graph":[{"@type":"WebPage","@id":"https:\/\/www.cbayol.fr\/index.php\/mentions-legales\/","url":"https:\/\/www.cbayol.fr\/index.php\/mentions-legales\/","name":"Mentions l\u00e9gales - V\u00e9t\u00e9rinaire &amp; M\u00e9decine compl\u00e9mentaire","isPartOf":{"@id":"https:\/\/www.cbayol.fr\/#website"},"datePublished":"2019-03-14T17:31:02+00:00","dateModified":"2026-04-07T12:45:24+00:00","description":"Mentions l\u00e9gales V\u00e9t\u00e9rinaire &amp; M\u00e9decine compl\u00e9mentaire, en sant\u00e9 naturelle pour vos chiens, chats et chevaux.","breadcrumb":{"@id":"https:\/\/www.cbayol.fr\/index.php\/mentions-legales\/#breadcrumb"},"inLanguage":"fr-FR","potentialAction":[{"@type":"ReadAction","target":["https:\/\/www.cbayol.fr\/index.php\/mentions-legales\/"]}]},{"@type":"BreadcrumbList","@id":"https:\/\/www.cbayol.fr\/index.php\/mentions-legales\/#breadcrumb","itemListElement":[{"@type":"ListItem","position":1,"name":"Accueil","item":"https:\/\/www.cbayol.fr\/"},{"@type":"ListItem","position":2,"name":"Mentions l\u00e9gales"}]},{"@type":"WebSite","@id":"https:\/\/www.cbayol.fr\/#website","url":"https:\/\/www.cbayol.fr\/","name":"M\u00e9decine Compl\u00e9mentaire V\u00e9t\u00e9rinaire","description":"Accompagner vers la pleine sant\u00e9.","publisher":{"@id":"https:\/\/www.cbayol.fr\/#organization"},"potentialAction":[{"@type":"SearchAction","target":{"@type":"EntryPoint","urlTemplate":"https:\/\/www.cbayol.fr\/?s={search_term_string}"},"query-input":{"@type":"PropertyValueSpecification","valueRequired":true,"valueName":"search_term_string"}}],"inLanguage":"fr-FR"},{"@type":"Organization","@id":"https:\/\/www.cbayol.fr\/#organization","name":"M\u00e9decine Compl\u00e9mentaire V\u00e9t\u00e9rinaire","url":"https:\/\/www.cbayol.fr\/","logo":{"@type":"ImageObject","inLanguage":"fr-FR","@id":"https:\/\/www.cbayol.fr\/#\/schema\/logo\/image\/","url":"https:\/\/www.cbayol.fr\/wp-content\/uploads\/2019\/03\/aiguilles-acupuncture-chien-chat-1.png","contentUrl":"https:\/\/www.cbayol.fr\/wp-content\/uploads\/2019\/03\/aiguilles-acupuncture-chien-chat-1.png","width":653,"height":478,"caption":"M\u00e9decine Compl\u00e9mentaire V\u00e9t\u00e9rinaire"},"image":{"@id":"https:\/\/www.cbayol.fr\/#\/schema\/logo\/image\/"},"sameAs":["https:\/\/www.facebook.com\/camillebayolveterinaire\/"]}]}},"_links":{"self":[{"href":"https:\/\/www.cbayol.fr\/index.php\/wp-json\/wp\/v2\/pages\/215","targetHints":{"allow":["GET"]}}],"collection":[{"href":"https:\/\/www.cbayol.fr\/index.php\/wp-json\/wp\/v2\/pages"}],"about":[{"href":"https:\/\/www.cbayol.fr\/index.php\/wp-json\/wp\/v2\/types\/page"}],"author":[{"embeddable":true,"href":"https:\/\/www.cbayol.fr\/index.php\/wp-json\/wp\/v2\/users\/1"}],"replies":[{"embeddable":true,"href":"https:\/\/www.cbayol.fr\/index.php\/wp-json\/wp\/v2\/comments?post=215"}],"version-history":[{"count":15,"href":"https:\/\/www.cbayol.fr\/index.php\/wp-json\/wp\/v2\/pages\/215\/revisions"}],"predecessor-version":[{"id":996,"href":"https:\/\/www.cbayol.fr\/index.php\/wp-json\/wp\/v2\/pages\/215\/revisions\/996"}],"wp:attachment":[{"href":"https:\/\/www.cbayol.fr\/index.php\/wp-json\/wp\/v2\/media?parent=215"}],"curies":[{"name":"wp","href":"https:\/\/api.w.org\/{rel}","templated":true}]}}